{"id":141,"date":"2020-01-16T04:09:21","date_gmt":"2020-01-16T04:09:21","guid":{"rendered":"http:\/\/www.cemagrup.com.tr\/?page_id=141"},"modified":"2025-10-17T12:34:16","modified_gmt":"2025-10-17T12:34:16","slug":"anasayfa","status":"publish","type":"page","link":"https:\/\/www.cemagrup.com.tr\/","title":{"rendered":"Ana Sayfa"},"content":{"rendered":"<div  id=\"overlappable-4\" style=\"background-color: #ffffff;\" data-label=\"Overlappable\" data-id=\"overlappable-4\" data-export-id=\"overlappable-4\" data-category=\"overlappable\" class=\"overlappable-4 content-section content-section-spacing\" data-overlap=\"true\"><div  class=\"gridContainer\"> <div  data-type=\"row\" class=\"row spaced-cols text-center center-sm content-center-sm\"><div  class=\"col-xs-12 col-sm-4 col-padding col-md-4 \"> <i  class=\"fa icon shadow-large-black aligncenter color1 fa-sun-o reverse round large\"><\/i> <div  data-type=\"column\" class=\"\"> <h5  class=\"\">AYDINLATMA TEKNOLOJ\u0130LER\u0130<\/h5> <p  class=\"\">M\u00fc\u015fterilerimize gittik\u00e7e artan y\u00fcksek kaliteli teknolojik m\u00fckemmelli\u011fi sunmay\u0131 ve bu geni\u015fleyen ayd\u0131nlatma end\u00fcstrisinin bir par\u00e7as\u0131 olma yolunda ilerliyoruz\u2026<\/p><\/div> <\/div> <div  class=\"col-xs-12 col-sm-4 col-padding col-md-4 \"> <i  class=\"fa icon fa-cogs large shadow-large-black round aligncenter reverse color1\"><\/i> <div  data-type=\"column\" class=\"\"><h5  class=\"\">AR-GE &amp; M\u00dcHEND\u0130SL\u0130K<\/h5> <p  class=\"\">Konsept, Tasar\u0131m ve Prototip \u00e7al\u0131\u015fmalar\u0131yla, uluslararas\u0131 m\u00fchendislik pazar\u0131na a\u00e7\u0131k\u00e7a ba\u011fl\u0131y\u0131z\u2026<\/p><\/div> <\/div> <div  class=\"col-xs-12 col-sm-4 col-padding col-md-4 \"> <i  class=\"fa icon shadow-large-black aligncenter color1 fa-cubes reverse round large\"><\/i> <div  data-type=\"column\" class=\"\"><h5  class=\"\">ELEKTR\u0130KL\u0130 ARA\u00c7LAR<\/h5> <p  class=\"\">M\u00fc\u015fterilerimiz i\u00e7in, komple projeler geli\u015ftirir, ve y\u00f6netiriz. Geli\u015ftirilen projelerin \u00fcretimini ve montaj\u0131n\u0131 tamamlayarak teslim ederiz. Ekiplerimizin k\u00fcresel uyumu, ba\u015far\u0131m\u0131zda \u00f6nemli bir fakt\u00f6rd\u00fcr. CEMA|GRUP kendi \u00fcr\u00fcnleri ile projelerinizin g\u00fcvenilir ve esnek i\u015f orta\u011f\u0131d\u0131r\u2026<\/p><\/div> <\/div><\/div> <\/div><\/div><div  id=\"about-1\" style=\"background-color: #f5fafd;\" data-label=\"About\" data-id=\"about-1\" data-export-id=\"about-1\" data-category=\"about\" class=\"about-1 content-section\"><div  class=\"gridContainer\"> <div  class=\"row text-center\"><div  class=\"section-title-col\" data-type=\"column\"> <h5  class=\"\">CEMA|GRUP<\/h5>  <h4  class=\"\"><\/h4><h2  class=\"\" style=\"margin-bottom: 16px; outline: rgb(204, 204, 204) solid 1px; letter-spacing: normal; background-color: rgb(255, 255, 255);\">T\u00fcm projelerinizde yan\u0131n\u0131zday\u0131z\u2026<\/h2><p  class=\"lead\">CEMA GRUP olarak m\u00fc\u015fterilerimiz ad\u0131na, de\u011fer zinciri boyunca kapsaml\u0131 M\u00fchendislik, Ar-Ge ve \u00dcretim hizmetleri sunmaktay\u0131z.&nbsp;Kadrolar\u0131m\u0131z, konseptten seri olgunlu\u011fa kadar, m\u00fc\u015fterilerimizle do\u011frudan projeleri desteklemektedir. T\u00fcrk giri\u015fimcilerin olu\u015fturdu\u011fu T\u00fcrkiye merkezli bir firma olarak, \u00fcretimini yapt\u0131\u011f\u0131m\u0131z onayl\u0131 \u00fcr\u00fcnlerimiz sayesinde, yurti\u00e7inde ve yurtd\u0131\u015f\u0131nda temkinli ve sa\u011flam bir \u015fekilde ilerlemekteyiz. Otomotiv \u00fcr\u00fcnleri, End\u00fcstriyel \u00fcr\u00fcnler ve Askeri savunma sanayi \u00fcr\u00fcnleri olarak \u00e7e\u015fitli sekt\u00f6rlerde ve projelerde yer almaktan gurur duymaktay\u0131z\u2026<\/p><\/div> <\/div> <div  class=\"row\"> <div  class=\"button-holder space-bottom space-bottom-small\" data-type=\"column\"> <\/div> <div  class=\"col-xs bottom-xs flexbox image-group-bottom-3-img space-bottom-xs center-xs\"> <img  decoding=\"async\" class=\"left-img shadow-large-black\" data-size=\"500x300\" src=\"http:\/\/www.cemagrup.com.tr\/wp-content\/uploads\/2020\/01\/cropped-XNAU4979.jpg\" alt=\"\" title=\"cropped-XNAU4979.jpg\"> <img  decoding=\"async\" class=\"center-img shadow-large-black\" data-size=\"500x300\" src=\"http:\/\/www.cemagrup.com.tr\/wp-content\/uploads\/2020\/01\/cropped-VALD0891.jpg\" alt=\"\" title=\"cropped-VALD0891.jpg\"> <img  decoding=\"async\" class=\"right-img shadow-large-black\" data-size=\"500x300\" src=\"http:\/\/www.cemagrup.com.tr\/wp-content\/uploads\/2020\/01\/cropped-HXGI3388.jpg\" alt=\"\" title=\"cropped-HXGI3388.jpg\"><\/div> <\/div><\/div> <\/div><div  id=\"content-13\" style=\"background-color: rgb(255, 255, 255); background-image: none;\" data-label=\"Content\" data-id=\"content-2\" data-export-id=\"content-2\" data-category=\"content\" class=\"content-2 content-section content-section-spacing\"><div > <div  class=\"row middle-xs\"><div  class=\"col-sm-5 bg-image shadow-large-black\" data-bg=\"image\" style=\"background-image: url(&quot;https:\/\/www.cemagrup.com.tr\/wp-content\/uploads\/2025\/01\/cropped-content-img.jpg&quot;);\"><\/div> <div  class=\"col-sm-7 full-col-left-padding full-col-right-padding\"> <div  class=\"row\"> <div  data-type=\"column\" class=\"space-bottom-small content-title-col\"> <h5  class=\"\">CEMA|GRUP<\/h5> <h2  class=\"\">Partneriniz burada\u2026<\/h2> <p  class=\"\">Uzmanlar\u0131m\u0131z, departmanlar aras\u0131nda birlikte \u00e7al\u0131\u015farak etkili bir s\u00fcre\u00e7 ak\u0131\u015f\u0131 sa\u011flarlar. Pazarda kadro uzmanl\u0131\u011f\u0131 ile t\u00fcm sekt\u00f6rlerde ve disiplinlerde kapsaml\u0131 m\u00fchendislik \u00e7\u00f6z\u00fcm\u00fc yeterlili\u011fi, projenize m\u00fckemmel uyum sa\u011flamaktad\u0131r. Farkl\u0131 \u00fcr\u00fcnler, \u00f6zel projeler ve uzmanl\u0131k bilgisi i\u00e7eren m\u00fchendislik deste\u011fiyle projelerinizin stabil kalmas\u0131n\u0131 sa\u011flar\u0131z.<\/p><\/div> <\/div> <div  class=\"row spaced-cols \" data-type=\"row\"> <div  class=\"col-xs-6\" data-type=\"column\"> <h5  class=\"\">Konut, End\u00fcstriyel Tesisler \n<br >ve \u00c7evre Ayd\u0131nlatma,\n<br >Aydnlatma Teknolojileri,<br >Enerji Sistemleri,<br >Otomotiv Sanayii,<br >Mekanik ve Elektrik Projeleri,<\/h5> <\/div> <div  class=\"col-xs-6\" data-type=\"column\"><h5  class=\"\">Ula\u015f\u0131m Ara\u00e7lar\u0131,<br >Rayl\u0131 sistemler,<br >Ar-Ge Projeleri,<br >U\u00e7ak ve Havac\u0131l\u0131k Sanayii,<br >Savunma Sanayii Projeleri,<\/h5> <\/div>   <\/div><\/div> <\/div><\/div> <\/div><div  id=\"content-14\" style=\"background-color: rgb(245, 250, 253); background-image: none;\" data-label=\"Content\" data-id=\"content-3\" data-export-id=\"content-3\" data-category=\"content\" class=\"content-3 content-section content-section-spacing\"><div > <div  class=\"row middle-xs\"><div  class=\"col-sm-7 full-col-left-padding full-col-right-padding\"> <div  class=\"row\"><div  data-type=\"column\" class=\"space-bottom-small content-title-col\"> <h5  class=\"\">CEMA|GRUP<\/h5> <h2  class=\"\">Bilgi ve Deneyim Payla\u015f\u0131m\u0131\u2026<\/h2> <p  class=\"\">Tecr\u00fcbelerimizi ve bilgi birikimlerimizi m\u00fc\u015fterilerimize sunarak en iyi bir \u015fekilde \u00fclkemize katk\u0131da bulunmaktay\u0131z\u2026<\/p><\/div> <\/div> <div  class=\"row spaced-cols\" data-type=\"row\"> <div  class=\"col-xs-6\" data-type=\"column\"> <h5  class=\"\">AR-GE<\/h5> <\/div> <div  class=\"col-xs-6\" data-type=\"column\"><h5  class=\"\">LED AYDINLATMA TEKNOLOJ\u0130LER\u0130<\/h5> <\/div> <div  class=\"col-xs-6\" data-type=\"column\"><h5  class=\"\">TASARIM<\/h5> <h5  class=\"\">TEST VE DO\u011eRULAMA<\/h5><h5  class=\"\">ELEKTR\u0130K \/ ELEKTRON\u0130K<\/h5><h5  class=\"\">MEKATRON\u0130K<\/h5><h5  class=\"\">KAL\u0130TE<\/h5><\/div> <div  class=\"col-xs-6\" data-type=\"column\"><h5  class=\"\">HESAPLA\/S\u0130M\u00dcLASYON<\/h5> <h5  class=\"\">PROJE Y\u00d6NET\u0130M\u0130<\/h5><h5  class=\"\">TEKN\u0130K D\u00d6K\u00dcMANTASYON<\/h5><h5  class=\"\">TERS\u0130NE M\u00dcHEND\u0130SL\u0130K<\/h5><h5  class=\"\">KALIP VE D\u00d6K\u00dcM<\/h5><h5  class=\"\">\u00dcRET\u0130M<\/h5><\/div> <\/div><\/div> <div  class=\"col-sm-5 bg-image shadow-large-black revert-classes-holder\" data-bg=\"image\" style=\"background-image: url(&quot;http:\/\/www.cemagrup.com.tr\/wp-content\/uploads\/2020\/01\/cropped-IDOR2285.jpg&quot;);\"><\/div><\/div> <\/div><\/div><div  id=\"portfolio-3\" style=\"background-color: rgb(255, 255, 255); background-image: none;\" data-label=\"Portfolio\" data-id=\"portfolio-4\" data-export-id=\"portfolio-4\" data-category=\"portfolio\" class=\"portfolio-4 content-section content-section-spacing-top\"><div  class=\"\"> <div  class=\"row text-center\"><div  class=\"section-title-col\" data-type=\"column\"> <h2  class=\"\">Ayd\u0131nlatma &amp; Enerji<\/h2> <p  class=\"lead\">CEMA GRUP olarak end\u00fcstrinin \u00fcr\u00fcn geli\u015ftirme kapsam\u0131nda b\u00fct\u00fcn sekt\u00f6rlerimiz ad\u0131na, t\u00fcm geli\u015fim s\u00fcre\u00e7leri boyunca kapsaml\u0131 hizmetler sunuyoruz. Ayd\u0131nlatma \u00fcr\u00fcnlerimiz ve Enerji sistemlerimiz tamamen g\u00fcncel teknolojiyi i\u00e7erir\u2026<br >Projeler, tek bir d\u00fczenden kavrama ve tasar\u0131ma kadar, komple mod\u00fcllerin geli\u015ftirilmesine kadar i\u015fleyen, tamamlanm\u0131\u015f bir araca kadar uzanmaktad\u0131r\u2026<\/p><\/div> <\/div> <div  data-type=\"row\" class=\"row\" data-fixed=\"true\"> <div  class=\"col-xs-12 col-sm-3 no-gutter-col col-md-3\"> <div  class=\"contentswap-effect\" data-hover-fx=\"portfolio-4\"> <div  class=\"initial-image\"> <img  decoding=\"async\" data-size=\"542x360\" src=\"https:\/\/www.cemagrup.com.tr\/wp-content\/uploads\/2025\/01\/endustriyel-aydinlatma.jpg\"><\/div> <div  class=\"overlay bg-color1\"><\/div> <div  class=\"swap-inner col-xs-12\"> <div  class=\"row full-height-row middle-xs middle-sm\"> <div  class=\"col-xs-12 text-center content-holder\"> <a  href=\"https:\/\/www.cemagrup.com.tr?page_id=660\" target=\"_self\" rel=\"noopener noreferrer\"><i  class=\"fa icon portfolio-icon fa-search big\" aria-hidden=\"true\"><\/i><\/a><\/div> <\/div><\/div> <\/div><\/div> <div  class=\"col-xs-12 col-sm-3 no-gutter-col col-md-3\"><div  class=\"contentswap-effect\" data-hover-fx=\"portfolio-4\"> <div  class=\"initial-image\"> <img  decoding=\"async\" data-size=\"542x360\" src=\"http:\/\/www.cemagrup.com.tr\/wp-content\/uploads\/2020\/03\/cropped-yuz_ve_sicaklik_tanima-01.jpg\"><\/div> <div  class=\"overlay bg-color1\"><\/div> <div  class=\"swap-inner col-xs-12\"> <div  class=\"row full-height-row middle-xs middle-sm\"> <div  class=\"col-xs-12 text-center content-holder\"> <a  href=\"https:\/\/www.cemagrup.com.tr?page_id=660\" target=\"_self\" rel=\"noopener noreferrer\"><i  class=\"fa icon portfolio-icon fa-search big\" aria-hidden=\"true\"><\/i><\/a><\/div> <\/div><\/div> <\/div><\/div> <div  class=\"col-xs-12 col-sm-3 no-gutter-col col-md-3\"><div  class=\"contentswap-effect\" data-hover-fx=\"portfolio-4\"> <div  class=\"initial-image\"> <img  decoding=\"async\" data-size=\"542x360\" src=\"http:\/\/www.cemagrup.com.tr\/wp-content\/uploads\/2020\/01\/cropped-AUUR1098.jpg\"><\/div> <div  class=\"overlay bg-color1\"><\/div> <div  class=\"swap-inner col-xs-12\"> <div  class=\"row full-height-row middle-xs middle-sm\"> <div  class=\"col-xs-12 text-center content-holder\"> <a  href=\"https:\/\/www.cemagrup.com.tr?page_id=660\" target=\"_self\" rel=\"noopener noreferrer\"><i  class=\"fa icon portfolio-icon fa-search big\" aria-hidden=\"true\"><\/i><\/a><\/div> <\/div><\/div> <\/div><\/div> <div  class=\"col-xs-12 col-sm-3 no-gutter-col col-md-3\"><div  class=\"contentswap-effect\" data-hover-fx=\"portfolio-4\"> <div  class=\"initial-image\"> <img  decoding=\"async\" data-size=\"542x360\" src=\"http:\/\/www.cemagrup.com.tr\/wp-content\/uploads\/2020\/01\/cropped-XQWS6728.jpg\"><\/div> <div  class=\"overlay bg-color1\"><\/div> <div  class=\"swap-inner col-xs-12\"> <div  class=\"row full-height-row middle-xs middle-sm\"> <div  class=\"col-xs-12 text-center content-holder\"> <a  href=\"https:\/\/www.cemagrup.com.tr?page_id=660\" target=\"_self\" rel=\"noopener noreferrer\"><i  class=\"fa icon portfolio-icon fa-search big\" aria-hidden=\"true\"><\/i><\/a><\/div> <\/div><\/div> <\/div><\/div> <div  class=\"col-xs-12 col-sm-3 no-gutter-col col-md-3\"><div  class=\"contentswap-effect\" data-hover-fx=\"portfolio-4\"> <div  class=\"initial-image\"> <img  decoding=\"async\" data-size=\"542x360\" src=\"http:\/\/www.cemagrup.com.tr\/wp-content\/uploads\/2020\/01\/cropped-XQOW2384.jpg\"><\/div> <div  class=\"overlay bg-color1\"><\/div> <div  class=\"swap-inner col-xs-12\"> <div  class=\"row full-height-row middle-xs middle-sm\"> <div  class=\"col-xs-12 text-center content-holder\"> <a  href=\"https:\/\/www.cemagrup.com.tr?page_id=660\" target=\"_self\" rel=\"noopener noreferrer\"><i  class=\"fa icon portfolio-icon fa-search big\" aria-hidden=\"true\"><\/i><\/a><\/div> <\/div><\/div> <\/div><\/div> <div  class=\"col-xs-12 col-sm-3 no-gutter-col col-md-3\"><div  class=\"contentswap-effect\" data-hover-fx=\"portfolio-4\"> <div  class=\"initial-image\"> <img  decoding=\"async\" data-size=\"542x360\" src=\"http:\/\/www.cemagrup.com.tr\/wp-content\/uploads\/2020\/01\/cropped-HRGD5496-1.jpg\"><\/div> <div  class=\"overlay bg-color1\"><\/div> <div  class=\"swap-inner col-xs-12\"> <div  class=\"row full-height-row middle-xs middle-sm\"> <div  class=\"col-xs-12 text-center content-holder\"> <a  href=\"https:\/\/www.cemagrup.com.tr?page_id=660\" target=\"_self\" rel=\"noopener noreferrer\"><i  class=\"fa icon portfolio-icon fa-search big\" aria-hidden=\"true\"><\/i><\/a><\/div> <\/div><\/div> <\/div><\/div> <div  class=\"col-xs-12 col-sm-3 no-gutter-col col-md-3\"><div  class=\"contentswap-effect\" data-hover-fx=\"portfolio-4\"> <div  class=\"initial-image\"> <img  decoding=\"async\" data-size=\"542x360\" src=\"http:\/\/www.cemagrup.com.tr\/wp-content\/uploads\/2020\/01\/cropped-CYAX3888.jpg\"><\/div> <div  class=\"overlay bg-color1\"><\/div> <div  class=\"swap-inner col-xs-12\"> <div  class=\"row full-height-row middle-xs middle-sm\"> <div  class=\"col-xs-12 text-center content-holder\"> <a  href=\"https:\/\/www.cemagrup.com.tr?page_id=660\" target=\"_self\" rel=\"noopener noreferrer\"><i  class=\"fa icon portfolio-icon fa-search big\" aria-hidden=\"true\"><\/i><\/a><\/div> <\/div><\/div> <\/div><\/div> <div  class=\"col-xs-12 col-sm-3 no-gutter-col col-md-3\"><div  class=\"contentswap-effect\" data-hover-fx=\"portfolio-4\"> <div  class=\"initial-image\"> <img  decoding=\"async\" data-size=\"542x360\" src=\"http:\/\/www.cemagrup.com.tr\/wp-content\/uploads\/2020\/01\/cropped-QYIO5168.jpg\"><\/div> <div  class=\"overlay bg-color1\"><\/div> <div  class=\"swap-inner col-xs-12\"> <div  class=\"row full-height-row middle-xs middle-sm\"> <div  class=\"col-xs-12 text-center content-holder\"> <a  href=\"https:\/\/www.cemagrup.com.tr?page_id=660\" target=\"_self\" rel=\"noopener noreferrer\"><i  class=\"fa icon portfolio-icon fa-search big\" aria-hidden=\"true\"><\/i><\/a><\/div> <\/div><\/div> <\/div><\/div> <\/div><\/div> <\/div><div  data-label=\"Team\" data-id=\"team--1\" data-export-id=\"team-5\" data-category=\"team\" class=\"team-5 content-section content-section-spacing\" id=\"team-1\" style=\"background-color: rgb(245, 250, 253); background-image: none;\"><div  class=\"gridContainer\"> <div  class=\"row text-center\"><div  class=\"section-title-col\" data-type=\"column\"> <h2  class=\"\">\u00c7\u00f6z\u00fcm Ortaklar\u0131m\u0131z \/ Firmalar\u0131m\u0131z<\/h2> <\/div> <\/div> <div  class=\"row spaced-cols\" data-type=\"row\"> <div  class=\"col-xs-12 col-sm-6 col-padding col-md-4 \"> <div  class=\"row \"> <div  data-type=\"column\" class=\"col-xs-12 col-sm-12\"> <img  decoding=\"async\" class=\"round face\" src=\"http:\/\/www.cemagrup.com.tr\/wp-content\/uploads\/2020\/01\/cropped-logo03.png\" alt=\"\" title=\"cropped-logo03.png\"> <h4  class=\"font-500\">Aspilsan<\/h4> <p  class=\"italic\">\u00c7\u00f6z\u00fcm Orta\u011f\u0131m\u0131z<\/p> <p  class=\"\">Kurulu\u015f amac\u0131 T\u00fcrk Silahl\u0131 Kuvvetlerinin temel ihtiya\u00e7lar\u0131 olan \u015farjl\u0131 nikel kadmiyum batarya ihtiya\u00e7lar\u0131n\u0131 kar\u015f\u0131lamak olan \u015firketimiz ge\u00e7en s\u00fcre i\u00e7erisinde b\u00fcy\u00fck geli\u015fmeler sa\u011flayarak, g\u00fcn\u00fcm\u00fczde \u00fcr\u00fcn \u00e7e\u015fidini 150\u2019 nin \u00fczerine \u00e7\u0131kartarak, sivil ve askeri her t\u00fcrl\u00fc s\u0131rt-el telsizleri, sava\u015f ara\u00e7 gere\u00e7leri, u\u00e7ak ve helikopterler i\u00e7in komple ak\u00fcler \u00fcretebilir duruma gelmi\u015ftir\u2026<\/p> <div  class=\"social-icons-group\" data-type=\"group\"> <a  href=\"#\" target=\"_self\" data-reiki-hidden=\"true\" rel=\"noopener noreferrer\"><i  class=\"gray fa icon fa-facebook-square\"><\/i><\/a> <a  href=\"#\" target=\"_self\" data-reiki-hidden=\"true\" rel=\"noopener noreferrer\"><i  class=\"gray fa icon fa-twitter-square\"><\/i><\/a> <a  href=\"#\" target=\"_self\" data-reiki-hidden=\"true\" rel=\"noopener noreferrer\"><i  class=\"gray fa icon fa-linkedin-square\"><\/i><\/a> <a  href=\"#\" target=\"_self\" data-reiki-hidden=\"true\" rel=\"noopener noreferrer\"><i  class=\"gray fa icon fa-google-plus-square\"><\/i><\/a><\/div> <\/div><\/div> <\/div><div  class=\"col-xs-12 col-sm-6 col-padding col-md-4 \"> <div  class=\"row \"> <div  data-type=\"column\" class=\"col-xs-12 col-sm-12\"> <img  decoding=\"async\" class=\"round face\" src=\"http:\/\/www.cemagrup.com.tr\/wp-content\/uploads\/2020\/09\/cropped-mert-group-logo1-1.png\" alt=\"\" title=\"cropped-mert-group-logo1-1.png\"> <h4  class=\"font-500\">MERT GROUP<\/h4> <p  class=\"italic\">Tasar\u0131m Reklam Sanayi<\/p> <p  class=\"\">Dezenfektasyon Kabinleri, At\u0131k getirme merkezleri ve Bebek bak\u0131m kabinleri \u00fcretmektedir. Ayr\u0131ca I\u015f\u0131kl\u0131-I\u015f\u0131ks\u0131z reklam panolar\u0131, ATM\u2019ler, Billboardlar, Raket panolar, Totemler, Fuar standlar\u0131, Pylon, Ara\u00e7 giydirme ve dijital bask\u0131 i\u015fleri \u00fcreterek a\u00e7\u0131k hava reklamc\u0131l\u0131\u011f\u0131 alan\u0131nda \u00e7al\u0131\u015fmaktad\u0131r\u2026<\/p> <div  class=\"social-icons-group\" data-type=\"group\"> <a  href=\"#\" target=\"_self\" data-reiki-hidden=\"true\" rel=\"noopener noreferrer\"><i  class=\"gray fa icon fa-facebook-square\"><\/i><\/a> <a  href=\"#\" target=\"_self\" data-reiki-hidden=\"true\" rel=\"noopener noreferrer\"><i  class=\"gray fa icon fa-twitter-square\"><\/i><\/a> <a  href=\"#\" target=\"_self\" data-reiki-hidden=\"true\" rel=\"noopener noreferrer\"><i  class=\"gray fa icon fa-linkedin-square\"><\/i><\/a> <a  href=\"#\" target=\"_self\" data-reiki-hidden=\"true\" rel=\"noopener noreferrer\"><i  class=\"gray fa icon fa-google-plus-square\"><\/i><\/a><\/div> <\/div><\/div> <\/div>  <div  class=\"col-xs-12 col-sm-6 col-padding col-md-4 \"> <div  class=\"row \"> <div  data-type=\"column\" class=\"col-xs-12 col-sm-12\"> <img  decoding=\"async\" class=\"round face\" src=\"http:\/\/www.cemagrup.com.tr\/wp-content\/uploads\/2020\/01\/cropped-logo01.png\" alt=\"\" title=\"cropped-logo01.png\"> <h4  class=\"font-500\">TechnicLINES<\/h4> <p  class=\"italic\">Cema Grup \u015eirketidir.<\/p> <p  class=\"\">TechnicLINES olarak m\u00fc\u015fterilerimiz ad\u0131na, de\u011fer zinciri boyunca kapsaml\u0131 m\u00fchendislik, AR-GE ve dan\u0131\u015fmanl\u0131k hizmetleri sunmaktay\u0131z\u2026<\/p> <div  class=\"social-icons-group\" data-type=\"group\"> <a  href=\"#\" target=\"_self\" data-reiki-hidden=\"true\" rel=\"noopener noreferrer\"><i  class=\"gray fa icon fa-facebook-square\"><\/i><\/a> <a  href=\"#\" target=\"_self\" data-reiki-hidden=\"true\" rel=\"noopener noreferrer\"><i  class=\"gray fa icon fa-twitter-square\"><\/i><\/a> <a  href=\"#\" target=\"_self\" data-reiki-hidden=\"true\" rel=\"noopener noreferrer\"><i  class=\"gray fa icon fa-linkedin-square\"><\/i><\/a> <a  href=\"#\" target=\"_self\" data-reiki-hidden=\"true\" rel=\"noopener noreferrer\"><i  class=\"gray fa icon fa-google-plus-square\"><\/i><\/a><\/div> <\/div><\/div> <\/div>     <div  class=\"col-xs-12 col-sm-6 col-padding col-md-4 \"> <div  class=\"row \"> <div  data-type=\"column\" class=\"col-xs-12 col-sm-12\"> <img  decoding=\"async\" class=\"round face\" src=\"https:\/\/www.cemagrup.com.tr\/wp-content\/uploads\/2025\/01\/cropped-vectocar_logo-1.png\" alt=\"\" title=\"cropped-vectocar_logo-1.png\"> <h4  class=\"font-500\">Vectocar<\/h4> <p  class=\"italic\">Cema Grup \u015eirketidir.<\/p> <p  class=\"\">VECTOCAR, ATV \u00fcretiminde m\u00fchendislik ve teknolojik yenilikleriyle \u00f6ne \u00e7\u0131kmaktad\u0131r. \u00dcr\u00fcnlerimizde en son teknoloji ve en kaliteli malzemeler kullan\u0131larak \u00fcretim yapmaktay\u0131z. B\u00f6ylece m\u00fc\u015fterilerimize en iyi kalitede ve en dayan\u0131kl\u0131 \u00fcr\u00fcnler sunmay\u0131 hedefliyoruz.<\/p> <div  class=\"social-icons-group\" data-type=\"group\"> <a  href=\"#\" target=\"_self\" data-reiki-hidden=\"true\" rel=\"noopener noreferrer\"><i  class=\"gray fa icon fa-facebook-square\"><\/i><\/a> <a  href=\"#\" target=\"_self\" data-reiki-hidden=\"true\" rel=\"noopener noreferrer\"><i  class=\"gray fa icon fa-twitter-square\"><\/i><\/a> <a  href=\"#\" target=\"_self\" data-reiki-hidden=\"true\" rel=\"noopener noreferrer\"><i  class=\"gray fa icon fa-linkedin-square\"><\/i><\/a> <a  href=\"#\" target=\"_self\" data-reiki-hidden=\"true\" rel=\"noopener noreferrer\"><i  class=\"gray fa icon fa-google-plus-square\"><\/i><\/a><\/div> <\/div><\/div> <\/div><div  class=\"col-xs-12 col-sm-6 col-padding col-md-4 \"> <div  class=\"row \"> <div  data-type=\"column\" class=\"col-xs-12 col-sm-12\"> <img  decoding=\"async\" class=\"round face\" src=\"https:\/\/www.cemagrup.com.tr\/wp-content\/uploads\/2025\/05\/cropped-cankaya-universitesi-logo.jpg\" alt=\"\" title=\"cropped-cankaya-universitesi-logo.jpg\"> <h4  class=\"font-500\">\u00c7ankaya \u00dcniversitesi<\/h4> <p  class=\"italic\">\u0130\u015f Birli\u011fi, G\u00fc\u00e7 Birli\u011fi, Ortak \u00dcretim<\/p> <p  class=\"\">\u00c7ankaya \u00dcniversitesi, insan haklar\u0131 bilincini art\u0131rarak ve uluslararas\u0131la\u015fmaya katk\u0131da bulunarak, bilim ve teknolojide \u00f6nc\u00fc olmay\u0131 ve t\u00fcm payda\u015flar\u0131yla gurur duyulan bir \u00fcniversite olmay\u0131 s\u00fcrd\u00fcrecektir.<\/p> <div  class=\"social-icons-group\" data-type=\"group\"> <a  href=\"#\" target=\"_self\" data-reiki-hidden=\"true\" rel=\"noopener noreferrer\"><i  class=\"gray fa icon fa-facebook-square\"><\/i><\/a> <a  href=\"#\" target=\"_self\" data-reiki-hidden=\"true\" rel=\"noopener noreferrer\"><i  class=\"gray fa icon fa-twitter-square\"><\/i><\/a> <a  href=\"#\" target=\"_self\" data-reiki-hidden=\"true\" rel=\"noopener noreferrer\"><i  class=\"gray fa icon fa-linkedin-square\"><\/i><\/a> <a  href=\"#\" target=\"_self\" data-reiki-hidden=\"true\" rel=\"noopener noreferrer\"><i  class=\"gray fa icon fa-google-plus-square\"><\/i><\/a><\/div> <\/div><\/div> <\/div><\/div> <\/div><\/div>","protected":false},"excerpt":{"rendered":"<p>AYDINLATMA TEKNOLOJ\u0130LER\u0130 M\u00fc\u015fterilerimize gittik\u00e7e artan y\u00fcksek kaliteli teknolojik m\u00fckemmelli\u011fi sunmay\u0131 ve bu geni\u015fleyen ayd\u0131nlatma end\u00fcstrisinin bir par\u00e7as\u0131 olma yolunda ilerliyoruz\u2026 AR-GE &amp; M\u00dcHEND\u0130SL\u0130K Konsept, Tasar\u0131m ve Prototip \u00e7al\u0131\u015fmalar\u0131yla, uluslararas\u0131 m\u00fchendislik pazar\u0131na a\u00e7\u0131k\u00e7a ba\u011fl\u0131y\u0131z\u2026 ELEKTR\u0130KL\u0130 ARA\u00c7LAR M\u00fc\u015fterilerimiz i\u00e7in, komple projeler geli\u015ftirir, ve y\u00f6netiriz. Geli\u015ftirilen projelerin \u00fcretimini ve montaj\u0131n\u0131 tamamlayarak teslim ederiz. Ekiplerimizin k\u00fcresel uyumu, ba\u015far\u0131m\u0131zda \u00f6nemli&hellip; <br \/> <a class=\"read-more\" href=\"https:\/\/www.cemagrup.com.tr\/\">Devam\u0131<\/a><\/p>\n","protected":false},"author":1,"featured_media":0,"parent":0,"menu_order":0,"comment_status":"closed","ping_status":"closed","template":"page-templates\/homepage.php","meta":{"pagelayer_contact_templates":[],"_pagelayer_content":"","inline_featured_image":false,"footnotes":""},"class_list":["post-141","page","type-page","status-publish","hentry"],"_links":{"self":[{"href":"https:\/\/www.cemagrup.com.tr\/index.php?rest_route=\/wp\/v2\/pages\/141","targetHints":{"allow":["GET"]}}],"collection":[{"href":"https:\/\/www.cemagrup.com.tr\/index.php?rest_route=\/wp\/v2\/pages"}],"about":[{"href":"https:\/\/www.cemagrup.com.tr\/index.php?rest_route=\/wp\/v2\/types\/page"}],"author":[{"embeddable":true,"href":"https:\/\/www.cemagrup.com.tr\/index.php?rest_route=\/wp\/v2\/users\/1"}],"replies":[{"embeddable":true,"href":"https:\/\/www.cemagrup.com.tr\/index.php?rest_route=%2Fwp%2Fv2%2Fcomments&post=141"}],"version-history":[{"count":30,"href":"https:\/\/www.cemagrup.com.tr\/index.php?rest_route=\/wp\/v2\/pages\/141\/revisions"}],"predecessor-version":[{"id":1069,"href":"https:\/\/www.cemagrup.com.tr\/index.php?rest_route=\/wp\/v2\/pages\/141\/revisions\/1069"}],"wp:attachment":[{"href":"https:\/\/www.cemagrup.com.tr\/index.php?rest_route=%2Fwp%2Fv2%2Fmedia&parent=141"}],"curies":[{"name":"wp","href":"https:\/\/api.w.org\/{rel}","templated":true}]}}