{"id":190,"date":"2020-01-17T01:29:46","date_gmt":"2020-01-17T01:29:46","guid":{"rendered":"http:\/\/www.cemagrup.com.tr\/?page_id=190"},"modified":"2025-10-17T12:36:13","modified_gmt":"2025-10-17T12:36:13","slug":"firmalar","status":"publish","type":"page","link":"https:\/\/www.cemagrup.com.tr\/?page_id=190","title":{"rendered":"Firmalar"},"content":{"rendered":"\n<figure class=\"wp-block-table aligncenter\">\n    <table>\n        <tbody>\n            <tr>\n                <td><img loading=\"lazy\" decoding=\"async\" width=\"450\" height=\"450\" class=\"wp-image-331\" style=\"width: 450px;\"\n                        src=\"http:\/\/www.cemagrup.com.tr\/wp-content\/uploads\/2020\/01\/logo03.png\" alt=\"\" srcset=\"https:\/\/www.cemagrup.com.tr\/wp-content\/uploads\/2020\/01\/logo03.png 250w, https:\/\/www.cemagrup.com.tr\/wp-content\/uploads\/2020\/01\/logo03-150x150.png 150w\" sizes=\"auto, (max-width: 450px) 100vw, 450px\" \/><\/td>\n                <td><em><strong>\u00c7\u00d6Z\u00dcM ORTA\u011eIMIZ ve YETK\u0130L\u0130 BAY\u0130S\u0130 OLDU\u011eUMUZ F\u0130RMAMIZ<\/strong><\/em><br><br><em>T\u00fcrk\n                        Silahl\u0131 Kuvvetlerini G\u00fc\u00e7lendirme Vakf\u0131n\u0131n<br> %98 hisse ile sahibi oldu\u011fu\n                        <strong>ASP\u0130LSAN<\/strong> ENERJ\u0130 Kayseri\u2019 li vatanda\u015flar\u0131n<br> yapt\u0131klar\u0131 ba\u011f\u0131\u015flarla 21 May\u0131s\n                        1981 tarihinde Kayseri Organize Sanayi B\u00f6lgesinde kurulmu\u015ftur.<br> Kurulu\u015f amac\u0131 T\u00fcrk Silahl\u0131\n                        Kuvvetlerinin temel ihtiya\u00e7lar\u0131 olan \u015farjl\u0131 nikel kadmiyum batarya<br> ihtiya\u00e7lar\u0131n\u0131 kar\u015f\u0131lamak\n                        olan \u015firketimiz ge\u00e7en s\u00fcre i\u00e7erisinde b\u00fcy\u00fck geli\u015fmeler sa\u011flayarak,<br> g\u00fcn\u00fcm\u00fczde \u00fcr\u00fcn \u00e7e\u015fidini\n                        150\u2019 nin \u00fczerine \u00e7\u0131kartarak, sivil ve askeri her t\u00fcrl\u00fc s\u0131rt-el<br> telsizleri, sava\u015f ara\u00e7\n                        gere\u00e7leri, u\u00e7ak ve helikopterler i\u00e7in komple ak\u00fcler \u00fcretebilir duruma<br>\n                        gelmi\u015ftir.<\/em><br><br><em><strong>Faaliyet Alanlar\u0131<\/strong><\/em><br>&#8211; <em>Her T\u00fcrl\u00fc Ni-Cd,<br>\n                        Ni-MH, Li-Ion, Li-Po Pil ve Bataryalar<\/em><br><em>&#8211; G\u00fcne\u015f Pili, Is\u0131l Pil ve Yak\u0131t<br>\n                        Pili<\/em><br><em>&#8211; Yenilenebilir Enerji<\/em><br><em>&#8211; Enerji Depolama\n                        Sistemleri<\/em><br><em>&#8211;<br> \u015earj Cihazlar\u0131<\/em><br><em>&#8211; Pil\/Batarya Laboratuar Test\n                        Sistemleri<\/em><br><em>&#8211; Nikel Kadmiyum<br> Komple U\u00e7ak Ak\u00fc ve H\u00fccreleri<\/em><\/td>\n                <td><\/td>\n            <\/tr>\n            <tr>\n                <td><\/td>\n                <td><\/td>\n                <td><\/td>\n            <\/tr>\n            <tr>\n                <td><img loading=\"lazy\" decoding=\"async\" width=\"200\" height=\"200\" class=\"wp-image-735\" style=\"width: 200px;\"\n                        src=\"http:\/\/www.cemagrup.com.tr\/wp-content\/uploads\/2020\/09\/mert-group-logo1.png\" alt=\"\" srcset=\"https:\/\/www.cemagrup.com.tr\/wp-content\/uploads\/2020\/09\/mert-group-logo1.png 250w, https:\/\/www.cemagrup.com.tr\/wp-content\/uploads\/2020\/09\/mert-group-logo1-150x150.png 150w\" sizes=\"auto, (max-width: 200px) 100vw, 200px\" \/><\/td>\n                <td>.<br><em><strong>Mert Group<\/strong><br>Orta\u011f\u0131\n                        oldu\u011fumuz Mert Group; dezenfektan kabinleri, \u00fcniteler ve standlar ile maksimum sterilizasyon ve\n                        hijyen sunmaktad\u0131r&#8230;<\/em><br>Bilgi i\u00e7in; <a href=\"http:\/\/www.cemagrup.com.tr\/?page_id=741\"\n                        data-type=\"page\" data-id=\"741\">L\u00fctfen! T\u0131klay\u0131n\u0131z&#8230;<\/a><\/td>\n                <td><\/td>\n            <\/tr>\n            <tr>\n                <td><\/td>\n                <td><\/td>\n                <td><\/td>\n            <\/tr>\n            <tr>\n                <td><img loading=\"lazy\" decoding=\"async\" width=\"450\" height=\"450\" class=\"wp-image-329\" style=\"width: 450px;\"\n                        src=\"http:\/\/www.cemagrup.com.tr\/wp-content\/uploads\/2020\/01\/logo01.png\" alt=\"\" srcset=\"https:\/\/www.cemagrup.com.tr\/wp-content\/uploads\/2020\/01\/logo01.png 250w, https:\/\/www.cemagrup.com.tr\/wp-content\/uploads\/2020\/01\/logo01-150x150.png 150w\" sizes=\"auto, (max-width: 450px) 100vw, 450px\" \/><\/td>\n                <td><em><strong>TechnicLINES<\/strong> olarak<br> m\u00fc\u015fterilerimiz ad\u0131na, de\u011fer zinciri boyunca kapsaml\u0131\n                        m\u00fchendislik, AR-GE ve dan\u0131\u015fmanl\u0131k<br> hizmetleri sunmaktay\u0131z&#8230;<br><\/em><br><em>Uzman\n                        kadrolar\u0131m\u0131z, konseptten seri olgunlu\u011fa kadar,<br> yerel m\u00fc\u015fterilerimizle do\u011frudan projeleri\n                        desteklemektedir. Amac\u0131m\u0131z, m\u00fc\u015fterilerimizin geli\u015fim<br> s\u00fcre\u00e7lerini esnek, yetkin ve zaman\u0131nda\n                        \u015fekillendirmektir.<\/em><br><br><em>Bireysel<br> departmanlardaki uzmanlar, yak\u0131n bir a\u011fda\n                        departmanlar aras\u0131nda birlikte \u00e7al\u0131\u015f\u0131rak b\u00f6ylece<br> etkili bir s\u00fcre\u00e7 ak\u0131\u015f\u0131 sa\u011flarlar. Pazarda\n                        kadro uzmanl\u0131\u011f\u0131 ile t\u00fcm sekt\u00f6rlerde ve disiplinlerde<br> kapsaml\u0131 m\u00fchendislik \u00e7\u00f6z\u00fcm\u00fc\n                        yeterlili\u011fi, projenize m\u00fckemmel uyum sa\u011flamaktad\u0131r. Yo\u011fun<br> sipari\u015fler, \u00f6zel projeler veya\n                        gerekirse uzmanl\u0131k bilgisi i\u00e7in m\u00fchendislik deste\u011fiyle, b\u00fct\u00e7enizi<br> s\u00fcrekli olarak zorlamadan\n                        esnek kalman\u0131z\u0131 sa\u011flars\u0131n\u0131z.<\/em><br><br><em><strong>TechnicLINES<\/strong><\/em> bir\n                    <em><strong>Cema Grup<\/strong> \u015firketidir.<\/em>\n                <\/td>\n                <td><\/td>\n            <\/tr>\n            <tr>\n                <td><\/td>\n                <td><\/td>\n                <td><\/td>\n            <\/tr>\n            <tr>\n                <td><img decoding=\"async\" class=\"wp-image-329\" style=\"width: 450px;\"\n                        src=\"http:\/\/www.cemagrup.com.tr\/wp-content\/uploads\/2025\/01\/vectocar_logo.png\" alt=\"\"><\/td>\n                <td><strong><em>VECTOCAR\u2019\u0131n \u00d6ncelikli Hedefi<\/em><\/strong><br>VECTOCAR, elektikli golf, ATV ve van tipi\n                    ara\u00e7lar\u0131n \u00fcretiminde \u00fcst\u00fcn kalite ve dayan\u0131kl\u0131l\u0131\u011f\u0131 hedeflemektedir. Bu sayede m\u00fc\u015fterilerine g\u00fcvenli\n                    ve uzun \u00f6m\u00fcrl\u00fc ara\u00e7lar sunmay\u0131 ama\u00e7lamaktad\u0131r.<br><br><strong><em>M\u00fc\u015fteri\n                            Memnuniyeti<\/em><\/strong><br>M\u00fc\u015fteri memnuniyeti, VECTOCAR\u2019\u0131n en \u00f6nemli \u00f6nceliklerinden\n                    biridir.<br><br><strong><em>Teknolojik \u0130lerleme<\/em><\/strong><br>VECTOCAR, ATV \u00fcretiminde en son\n                    teknolojik yenilikleri takip ederek \u00fcr\u00fcnlerimizi s\u00fcrekli olarak geli\u015ftiriyor ve m\u00fc\u015fterilerimize\n                    \u00fcst\u00fcn performans sunmay\u0131 ama\u00e7l\u0131yor.<br><br><strong><em>\u00c7evre Dostu \u00dcretim<\/em><\/strong><br>\u00c7evreyi\n                    korumak ve s\u00fcrd\u00fcr\u00fclebilir bir gelecek i\u00e7in taahh\u00fctte bulunuyoruz.<br><br><strong><em>G\u00fc\u00e7l\u00fc \u00dcretim\n                            Hatt\u0131<\/em><\/strong><br>VECTOCAR, g\u00fc\u00e7l\u00fc ve sa\u011flam bir \u00fcretim hatt\u0131na\n                    sahiptir.<br><br><em><strong>Vectocar<\/strong><\/em> bir <em><strong>Cema Grup<\/strong>\n                        \u015firketidir.<\/em><\/td>\n                <td><\/td>\n            <\/tr>\n            <tr>\n                <td><\/td>\n                <td><\/td>\n                <td><\/td>\n            <\/tr>\n            <tr>\n                <td><img decoding=\"async\" class=\"wp-image-329\" style=\"width: 450px;\"\n                        src=\"https:\/\/www.cemagrup.com.tr\/wp-content\/uploads\/2025\/05\/cankaya-universitesi-logo.jpg\"\n                        alt=\"\"><\/td>\n                <td><strong>\u00c7ankaya \u00dcniversitesi<\/strong>\n                    <p>\u00c7ankaya \u00dcniversitesi, insan haklar\u0131 bilincini art\u0131rarak ve uluslararas\u0131la\u015fmaya katk\u0131da bulunarak,\n                        bilim ve teknolojide \u00f6nc\u00fc olmay\u0131 ve t\u00fcm payda\u015flar\u0131yla gurur duyulan bir \u00fcniversite olmay\u0131\n                        s\u00fcrd\u00fcrecektir.<\/p>\n                <\/td>\n                <td><\/td>\n            <\/tr>\n            <tr>\n        <\/tbody>\n    <\/table>\n<\/figure>\n\n\n\n<p><\/p>\n","protected":false},"excerpt":{"rendered":"<p>\u00c7\u00d6Z\u00dcM ORTA\u011eIMIZ ve YETK\u0130L\u0130 BAY\u0130S\u0130 OLDU\u011eUMUZ F\u0130RMAMIZ T\u00fcrk Silahl\u0131 Kuvvetlerini G\u00fc\u00e7lendirme Vakf\u0131n\u0131n %98 hisse ile sahibi oldu\u011fu ASP\u0130LSAN ENERJ\u0130 Kayseri\u2019 li vatanda\u015flar\u0131n yapt\u0131klar\u0131 ba\u011f\u0131\u015flarla 21 May\u0131s 1981 tarihinde Kayseri Organize Sanayi B\u00f6lgesinde kurulmu\u015ftur. Kurulu\u015f amac\u0131 T\u00fcrk Silahl\u0131 Kuvvetlerinin temel ihtiya\u00e7lar\u0131 olan \u015farjl\u0131 nikel kadmiyum batarya ihtiya\u00e7lar\u0131n\u0131 kar\u015f\u0131lamak olan \u015firketimiz ge\u00e7en s\u00fcre i\u00e7erisinde b\u00fcy\u00fck geli\u015fmeler sa\u011flayarak,&hellip; <br \/> <a class=\"read-more\" href=\"https:\/\/www.cemagrup.com.tr\/?page_id=190\">Devam\u0131<\/a><\/p>\n","protected":false},"author":1,"featured_media":0,"parent":0,"menu_order":0,"comment_status":"closed","ping_status":"closed","template":"","meta":{"pagelayer_contact_templates":[],"_pagelayer_content":"","inline_featured_image":false,"footnotes":""},"class_list":["post-190","page","type-page","status-publish","hentry"],"_links":{"self":[{"href":"https:\/\/www.cemagrup.com.tr\/index.php?rest_route=\/wp\/v2\/pages\/190","targetHints":{"allow":["GET"]}}],"collection":[{"href":"https:\/\/www.cemagrup.com.tr\/index.php?rest_route=\/wp\/v2\/pages"}],"about":[{"href":"https:\/\/www.cemagrup.com.tr\/index.php?rest_route=\/wp\/v2\/types\/page"}],"author":[{"embeddable":true,"href":"https:\/\/www.cemagrup.com.tr\/index.php?rest_route=\/wp\/v2\/users\/1"}],"replies":[{"embeddable":true,"href":"https:\/\/www.cemagrup.com.tr\/index.php?rest_route=%2Fwp%2Fv2%2Fcomments&post=190"}],"version-history":[{"count":49,"href":"https:\/\/www.cemagrup.com.tr\/index.php?rest_route=\/wp\/v2\/pages\/190\/revisions"}],"predecessor-version":[{"id":1071,"href":"https:\/\/www.cemagrup.com.tr\/index.php?rest_route=\/wp\/v2\/pages\/190\/revisions\/1071"}],"wp:attachment":[{"href":"https:\/\/www.cemagrup.com.tr\/index.php?rest_route=%2Fwp%2Fv2%2Fmedia&parent=190"}],"curies":[{"name":"wp","href":"https:\/\/api.w.org\/{rel}","templated":true}]}}