{"id":228,"date":"2020-01-17T03:22:38","date_gmt":"2020-01-17T03:22:38","guid":{"rendered":"http:\/\/www.cemagrup.com.tr\/?page_id=228"},"modified":"2020-01-28T01:47:11","modified_gmt":"2020-01-28T01:47:11","slug":"yetkinlikler","status":"publish","type":"page","link":"https:\/\/www.cemagrup.com.tr\/?page_id=228","title":{"rendered":"Yetkinlikler"},"content":{"rendered":"\n<p style=\"color:#000000\" class=\"has-text-color has-background has-pale-cyan-blue-background-color\"><strong>Yetkinliklerimiz:<\/strong><\/p>\n\n\n\n<ul class=\"wp-block-list\"><li><strong><em>Ar-Ge,<\/em><\/strong><\/li><li><strong><em>Tasar\u0131m,<\/em><\/strong><\/li><li><strong><em>LED Aydnlatma Teknolojileri,<\/em><\/strong><\/li><li><strong><em>Hesaplama \/ Sim\u00fclasyon,<\/em><\/strong><\/li><li><strong><em>Test ve Do\u011frulama,<\/em><\/strong><\/li><li><strong><em>Elektrik \/ Elektronik,<\/em><\/strong><\/li><li><strong><em>Mekatronik,Kalite,<\/em><\/strong><\/li><li><strong><em>Proje Y\u00f6netimi,<\/em><\/strong><\/li><li><strong><em>Teknik Dok\u00fcmantasyon,<\/em><\/strong><\/li><li><strong><em>Tersine M\u00fchendislik,<\/em><\/strong><\/li><li><strong><em>Kal\u0131p ve d\u00f6k\u00fcm,<\/em><\/strong><\/li><li><strong><em>\u00dcretim.<\/em><\/strong><\/li><\/ul>\n\n\n\n<p style=\"color:#000000\" class=\"has-text-color\"><em>CEMA GRUP olarak end\u00fcstrinin \u00fcr\u00fcn geli\u015ftirme kapsam\u0131nda b\u00fct\u00fcn sekt\u00f6rlerimiz ad\u0131na, t\u00fcm geli\u015fim s\u00fcre\u00e7leri boyunca kapsaml\u0131 hizmetler sunuyoruz. Ayd\u0131nlatma \u00fcr\u00fcnlerimiz ve Enerji sistemlerimiz tamamen g\u00fcncel teknolojiyi i\u00e7erir&#8230; Projeler, tek bir d\u00fczenden kavrama ve tasar\u0131ma kadar, komple mod\u00fcllerin geli\u015ftirilmesine kadar i\u015fleyen, tamamlanm\u0131\u015f bir araca kadar uzanmaktad\u0131r.<\/em><\/p>\n\n\n\n<p style=\"color:#000000\" class=\"has-text-color has-background has-pale-cyan-blue-background-color\"><em>D\u00fcnya \u00e7ap\u0131ndaki \u00fcreticilerin \u00fcr\u00fcn geli\u015ftirme alanlar\u0131nda, pazara m\u00fcmk\u00fcn oldu\u011funca iyi yat\u0131r\u0131mlar yaparak, m\u00fcmk\u00fcn oldu\u011funca uygun \u00fcr\u00fcn teklifleri sunmas\u0131 bekleniyor. CEMA GRUP olarak bunun b\u00fcy\u00fck bir rekabet oldu\u011funu biliyoruz ve m\u00fc\u015fterilerimize yerel destek sa\u011flamak i\u00e7in m\u00fckemmel bir konuma do\u011fru ilerlemekten mutluluk duymaktay\u0131z.<\/em><\/p>\n\n\n\n<figure class=\"wp-block-gallery columns-4 is-cropped wp-block-gallery-1 is-layout-flex wp-block-gallery-is-layout-flex\"><ul class=\"blocks-gallery-grid\"><li class=\"blocks-gallery-item\"><figure><img loading=\"lazy\" decoding=\"async\" width=\"463\" height=\"310\" src=\"http:\/\/www.cemagrup.com.tr\/wp-content\/uploads\/2020\/01\/Tavan-LED.jpg\" alt=\"\" data-id=\"229\" data-full-url=\"http:\/\/www.cemagrup.com.tr\/wp-content\/uploads\/2020\/01\/Tavan-LED.jpg\" data-link=\"http:\/\/www.cemagrup.com.tr\/?attachment_id=229\" class=\"wp-image-229\" srcset=\"https:\/\/www.cemagrup.com.tr\/wp-content\/uploads\/2020\/01\/Tavan-LED.jpg 463w, https:\/\/www.cemagrup.com.tr\/wp-content\/uploads\/2020\/01\/Tavan-LED-300x201.jpg 300w\" sizes=\"auto, (max-width: 463px) 100vw, 463px\" \/><\/figure><\/li><li class=\"blocks-gallery-item\"><figure><img loading=\"lazy\" decoding=\"async\" width=\"442\" height=\"376\" src=\"http:\/\/www.cemagrup.com.tr\/wp-content\/uploads\/2020\/01\/Gmme-LED-1.jpg\" alt=\"\" data-id=\"232\" data-full-url=\"http:\/\/www.cemagrup.com.tr\/wp-content\/uploads\/2020\/01\/Gmme-LED-1.jpg\" data-link=\"http:\/\/www.cemagrup.com.tr\/?attachment_id=232\" class=\"wp-image-232\" srcset=\"https:\/\/www.cemagrup.com.tr\/wp-content\/uploads\/2020\/01\/Gmme-LED-1.jpg 442w, https:\/\/www.cemagrup.com.tr\/wp-content\/uploads\/2020\/01\/Gmme-LED-1-300x255.jpg 300w\" sizes=\"auto, (max-width: 442px) 100vw, 442px\" \/><\/figure><\/li><li class=\"blocks-gallery-item\"><figure><img loading=\"lazy\" decoding=\"async\" width=\"463\" height=\"309\" src=\"http:\/\/www.cemagrup.com.tr\/wp-content\/uploads\/2020\/01\/Arka-aks.jpg\" alt=\"\" data-id=\"230\" data-full-url=\"http:\/\/www.cemagrup.com.tr\/wp-content\/uploads\/2020\/01\/Arka-aks.jpg\" data-link=\"http:\/\/www.cemagrup.com.tr\/?attachment_id=230\" class=\"wp-image-230\" srcset=\"https:\/\/www.cemagrup.com.tr\/wp-content\/uploads\/2020\/01\/Arka-aks.jpg 463w, https:\/\/www.cemagrup.com.tr\/wp-content\/uploads\/2020\/01\/Arka-aks-300x200.jpg 300w\" sizes=\"auto, (max-width: 463px) 100vw, 463px\" \/><\/figure><\/li><li class=\"blocks-gallery-item\"><figure><img loading=\"lazy\" decoding=\"async\" width=\"225\" height=\"240\" src=\"http:\/\/www.cemagrup.com.tr\/wp-content\/uploads\/2020\/01\/Kare-projektoer.jpg\" alt=\"\" data-id=\"237\" data-full-url=\"http:\/\/www.cemagrup.com.tr\/wp-content\/uploads\/2020\/01\/Kare-projektoer.jpg\" data-link=\"http:\/\/www.cemagrup.com.tr\/?attachment_id=237\" class=\"wp-image-237\"\/><\/figure><\/li><\/ul><\/figure>\n\n\n\n<p style=\"color:#000000\" class=\"has-text-color has-background has-pale-cyan-blue-background-color\"><em>Konsept, Tasar\u0131m ve Prototip \u00e7al\u0131\u015fmalar\u0131yla, uluslararas\u0131 m\u00fchendislik pazar\u0131na a\u00e7\u0131k\u00e7a ba\u011fl\u0131y\u0131z.<\/em> <em>M\u00fc\u015fterilerimize gittik\u00e7e artan y\u00fcksek kaliteli teknolojik m\u00fckemmelli\u011fi sunmay\u0131 ve bu geni\u015fleyen ayd\u0131nlatma end\u00fcstrisinin bir par\u00e7as\u0131 olma yolunda ilerliyoruz&#8230;<\/em><\/p>\n\n\n\n<p style=\"color:#000000\" class=\"has-text-color\"><em>CEMA GRUP olarak uzmanl\u0131klar\u0131n\u0131 y\u0131llar s\u00fcren m\u00fc\u015fteri ili\u015fkilerinden alan ve bunlar\u0131 geli\u015ftiren deneyimli ekipleri olu\u015fturmaktad\u0131r.<\/em><\/p>\n\n\n\n<p style=\"color:#000000\" class=\"has-text-color has-background has-pale-cyan-blue-background-color\"><em>Yerli veya Uluslararas\u0131 m\u00fc\u015fterilerimiz i\u00e7in, komple projeleri geli\u015ftirir, y\u00f6netir, geli\u015ftirilen projelerin \u00fcretimlerini yapar ve montajlar\u0131n\u0131 tamamlayarak teslim ederiz. Ekiplerimizin k\u00fcresel uyumu, ba\u015far\u0131m\u0131zda \u00f6nemli bir fakt\u00f6rd\u00fcr. CEMA GRUP kendi \u00fcr\u00fcnleri ile proje uygulaman\u0131z i\u00e7in g\u00fcvenilir ve esnek bir i\u015f orta\u011f\u0131d\u0131r.<\/em><\/p>\n","protected":false},"excerpt":{"rendered":"<p>Yetkinliklerimiz: Ar-Ge, Tasar\u0131m, LED Aydnlatma Teknolojileri, Hesaplama \/ Sim\u00fclasyon, Test ve Do\u011frulama, Elektrik \/ Elektronik, Mekatronik,Kalite, Proje Y\u00f6netimi, Teknik Dok\u00fcmantasyon, Tersine M\u00fchendislik, Kal\u0131p ve d\u00f6k\u00fcm, \u00dcretim. CEMA GRUP olarak end\u00fcstrinin \u00fcr\u00fcn geli\u015ftirme kapsam\u0131nda b\u00fct\u00fcn sekt\u00f6rlerimiz ad\u0131na, t\u00fcm geli\u015fim s\u00fcre\u00e7leri boyunca kapsaml\u0131 hizmetler sunuyoruz. Ayd\u0131nlatma \u00fcr\u00fcnlerimiz ve Enerji sistemlerimiz tamamen g\u00fcncel teknolojiyi i\u00e7erir&#8230; Projeler, tek bir&hellip; <br \/> <a class=\"read-more\" href=\"https:\/\/www.cemagrup.com.tr\/?page_id=228\">Devam\u0131<\/a><\/p>\n","protected":false},"author":1,"featured_media":0,"parent":0,"menu_order":0,"comment_status":"closed","ping_status":"closed","template":"","meta":{"pagelayer_contact_templates":[],"_pagelayer_content":"","inline_featured_image":false,"footnotes":""},"class_list":["post-228","page","type-page","status-publish","hentry"],"_links":{"self":[{"href":"https:\/\/www.cemagrup.com.tr\/index.php?rest_route=\/wp\/v2\/pages\/228","targetHints":{"allow":["GET"]}}],"collection":[{"href":"https:\/\/www.cemagrup.com.tr\/index.php?rest_route=\/wp\/v2\/pages"}],"about":[{"href":"https:\/\/www.cemagrup.com.tr\/index.php?rest_route=\/wp\/v2\/types\/page"}],"author":[{"embeddable":true,"href":"https:\/\/www.cemagrup.com.tr\/index.php?rest_route=\/wp\/v2\/users\/1"}],"replies":[{"embeddable":true,"href":"https:\/\/www.cemagrup.com.tr\/index.php?rest_route=%2Fwp%2Fv2%2Fcomments&post=228"}],"version-history":[{"count":5,"href":"https:\/\/www.cemagrup.com.tr\/index.php?rest_route=\/wp\/v2\/pages\/228\/revisions"}],"predecessor-version":[{"id":359,"href":"https:\/\/www.cemagrup.com.tr\/index.php?rest_route=\/wp\/v2\/pages\/228\/revisions\/359"}],"wp:attachment":[{"href":"https:\/\/www.cemagrup.com.tr\/index.php?rest_route=%2Fwp%2Fv2%2Fmedia&parent=228"}],"curies":[{"name":"wp","href":"https:\/\/api.w.org\/{rel}","templated":true}]}}