{"id":241,"date":"2020-01-17T03:29:35","date_gmt":"2020-01-17T03:29:35","guid":{"rendered":"http:\/\/www.cemagrup.com.tr\/?page_id=241"},"modified":"2026-04-13T11:45:38","modified_gmt":"2026-04-13T11:45:38","slug":"referanslarimiz","status":"publish","type":"page","link":"https:\/\/www.cemagrup.com.tr\/?page_id=241","title":{"rendered":"Referanslar\u0131m\u0131z"},"content":{"rendered":"\n<p class=\"has-pale-cyan-blue-background-color has-text-color has-background has-medium-font-size\" style=\"color:#000000\"><strong>Referanslar\u0131m\u0131zdan baz\u0131lar\u0131n\u0131 a\u015fa\u011f\u0131da g\u00f6rebilirsiniz&#8230;<\/strong><\/p>\n\n\n\n<figure class=\"wp-block-gallery has-nested-images columns-7 wp-block-gallery-1 is-layout-flex wp-block-gallery-is-layout-flex\">\n<figure class=\"wp-block-image size-full\"><img loading=\"lazy\" decoding=\"async\" width=\"201\" height=\"148\" data-id=\"243\" src=\"https:\/\/www.cemagrup.com.tr\/wp-content\/uploads\/2020\/01\/Aren.png\" alt=\"\" class=\"wp-image-243\"\/><\/figure>\n\n\n\n<figure class=\"wp-block-image size-full\"><img loading=\"lazy\" decoding=\"async\" width=\"250\" height=\"88\" data-id=\"244\" src=\"https:\/\/www.cemagrup.com.tr\/wp-content\/uploads\/2020\/01\/Aspilsan-logo.png\" alt=\"\" class=\"wp-image-244\"\/><\/figure>\n\n\n\n<figure class=\"wp-block-image size-large\"><img loading=\"lazy\" decoding=\"async\" width=\"137\" height=\"131\" data-id=\"254\" src=\"https:\/\/www.cemagrup.com.tr\/wp-content\/uploads\/2020\/01\/h-z-r.png\" alt=\"\" class=\"wp-image-254\"\/><\/figure>\n\n\n\n<figure class=\"wp-block-image size-full\"><img loading=\"lazy\" decoding=\"async\" width=\"254\" height=\"85\" data-id=\"255\" src=\"https:\/\/www.cemagrup.com.tr\/wp-content\/uploads\/2020\/01\/indir.png\" alt=\"\" class=\"wp-image-255\"\/><\/figure>\n\n\n\n<figure class=\"wp-block-image size-full\"><img loading=\"lazy\" decoding=\"async\" width=\"383\" height=\"132\" data-id=\"247\" src=\"https:\/\/www.cemagrup.com.tr\/wp-content\/uploads\/2020\/01\/cepa-.png\" alt=\"\" class=\"wp-image-247\" srcset=\"https:\/\/www.cemagrup.com.tr\/wp-content\/uploads\/2020\/01\/cepa-.png 383w, https:\/\/www.cemagrup.com.tr\/wp-content\/uploads\/2020\/01\/cepa--300x103.png 300w\" sizes=\"auto, (max-width: 383px) 100vw, 383px\" \/><\/figure>\n\n\n\n<figure class=\"wp-block-image size-full\"><img loading=\"lazy\" decoding=\"async\" width=\"658\" height=\"674\" data-id=\"1127\" src=\"https:\/\/www.cemagrup.com.tr\/wp-content\/uploads\/2026\/04\/WhatsApp-Image-2026-04-09-at-10.24.19.jpeg\" alt=\"\" class=\"wp-image-1127\" srcset=\"https:\/\/www.cemagrup.com.tr\/wp-content\/uploads\/2026\/04\/WhatsApp-Image-2026-04-09-at-10.24.19.jpeg 658w, https:\/\/www.cemagrup.com.tr\/wp-content\/uploads\/2026\/04\/WhatsApp-Image-2026-04-09-at-10.24.19-293x300.jpeg 293w\" sizes=\"auto, (max-width: 658px) 100vw, 658px\" \/><\/figure>\n\n\n\n<figure class=\"wp-block-image size-full\"><img loading=\"lazy\" decoding=\"async\" width=\"258\" height=\"76\" data-id=\"249\" src=\"https:\/\/www.cemagrup.com.tr\/wp-content\/uploads\/2020\/01\/ege.jpg\" alt=\"\" class=\"wp-image-249\"\/><\/figure>\n\n\n\n<figure class=\"wp-block-image size-full\"><img loading=\"lazy\" decoding=\"async\" width=\"298\" height=\"169\" data-id=\"250\" src=\"https:\/\/www.cemagrup.com.tr\/wp-content\/uploads\/2020\/01\/EGO.png\" alt=\"\" class=\"wp-image-250\"\/><\/figure>\n\n\n\n<figure class=\"wp-block-image size-full\"><img loading=\"lazy\" decoding=\"async\" width=\"205\" height=\"83\" data-id=\"251\" src=\"https:\/\/www.cemagrup.com.tr\/wp-content\/uploads\/2020\/01\/ENKA.jpg\" alt=\"\" class=\"wp-image-251\"\/><\/figure>\n\n\n\n<figure class=\"wp-block-image size-full\"><img loading=\"lazy\" decoding=\"async\" width=\"273\" height=\"185\" data-id=\"252\" src=\"https:\/\/www.cemagrup.com.tr\/wp-content\/uploads\/2020\/01\/Erkunt.jpg\" alt=\"\" class=\"wp-image-252\"\/><\/figure>\n\n\n\n<figure class=\"wp-block-image size-full\"><img loading=\"lazy\" decoding=\"async\" width=\"267\" height=\"188\" data-id=\"253\" src=\"https:\/\/www.cemagrup.com.tr\/wp-content\/uploads\/2020\/01\/esso.png\" alt=\"\" class=\"wp-image-253\"\/><\/figure>\n\n\n\n<figure class=\"wp-block-image size-full\"><img loading=\"lazy\" decoding=\"async\" width=\"199\" height=\"190\" data-id=\"267\" src=\"https:\/\/www.cemagrup.com.tr\/wp-content\/uploads\/2020\/01\/rak.jpg\" alt=\"\" class=\"wp-image-267\"\/><\/figure>\n\n\n\n<figure class=\"wp-block-image size-full\"><img loading=\"lazy\" decoding=\"async\" width=\"463\" height=\"390\" data-id=\"263\" src=\"https:\/\/www.cemagrup.com.tr\/wp-content\/uploads\/2020\/01\/noenue-Belediyesi.png\" alt=\"\" class=\"wp-image-263\" srcset=\"https:\/\/www.cemagrup.com.tr\/wp-content\/uploads\/2020\/01\/noenue-Belediyesi.png 463w, https:\/\/www.cemagrup.com.tr\/wp-content\/uploads\/2020\/01\/noenue-Belediyesi-300x253.png 300w\" sizes=\"auto, (max-width: 463px) 100vw, 463px\" \/><\/figure>\n\n\n\n<figure class=\"wp-block-image size-large\"><img loading=\"lazy\" decoding=\"async\" width=\"56\" height=\"64\" data-id=\"256\" src=\"https:\/\/www.cemagrup.com.tr\/wp-content\/uploads\/2020\/01\/jandarma_genel_komutanligi_logo.png\" alt=\"\" class=\"wp-image-256\"\/><\/figure>\n\n\n\n<figure class=\"wp-block-image size-full\"><img loading=\"lazy\" decoding=\"async\" width=\"173\" height=\"94\" data-id=\"257\" src=\"https:\/\/www.cemagrup.com.tr\/wp-content\/uploads\/2020\/01\/ka-an.png\" alt=\"\" class=\"wp-image-257\"\/><\/figure>\n\n\n\n<figure class=\"wp-block-image size-full\"><img loading=\"lazy\" decoding=\"async\" width=\"200\" height=\"200\" data-id=\"258\" src=\"https:\/\/www.cemagrup.com.tr\/wp-content\/uploads\/2020\/01\/KT-.png\" alt=\"\" class=\"wp-image-258\" srcset=\"https:\/\/www.cemagrup.com.tr\/wp-content\/uploads\/2020\/01\/KT-.png 200w, https:\/\/www.cemagrup.com.tr\/wp-content\/uploads\/2020\/01\/KT--150x150.png 150w\" sizes=\"auto, (max-width: 200px) 100vw, 200px\" \/><\/figure>\n\n\n\n<figure class=\"wp-block-image size-full\"><img loading=\"lazy\" decoding=\"async\" width=\"162\" height=\"100\" data-id=\"259\" src=\"https:\/\/www.cemagrup.com.tr\/wp-content\/uploads\/2020\/01\/MAN.jpg\" alt=\"\" class=\"wp-image-259\"\/><\/figure>\n\n\n\n<figure class=\"wp-block-image size-large\"><img loading=\"lazy\" decoding=\"async\" width=\"113\" height=\"113\" data-id=\"260\" src=\"https:\/\/www.cemagrup.com.tr\/wp-content\/uploads\/2020\/01\/Meb.png\" alt=\"\" class=\"wp-image-260\"\/><\/figure>\n\n\n\n<figure class=\"wp-block-image size-full\"><img loading=\"lazy\" decoding=\"async\" width=\"274\" height=\"102\" data-id=\"261\" src=\"https:\/\/www.cemagrup.com.tr\/wp-content\/uploads\/2020\/01\/Merba.jpg\" alt=\"\" class=\"wp-image-261\"\/><\/figure>\n\n\n\n<figure class=\"wp-block-image size-full\"><img loading=\"lazy\" decoding=\"async\" width=\"180\" height=\"100\" data-id=\"262\" src=\"https:\/\/www.cemagrup.com.tr\/wp-content\/uploads\/2020\/01\/merba.png\" alt=\"\" class=\"wp-image-262\"\/><\/figure>\n\n\n\n<figure class=\"wp-block-image size-full\"><img loading=\"lazy\" decoding=\"async\" width=\"463\" height=\"95\" data-id=\"264\" src=\"https:\/\/www.cemagrup.com.tr\/wp-content\/uploads\/2020\/01\/Proplan.png\" alt=\"\" class=\"wp-image-264\" srcset=\"https:\/\/www.cemagrup.com.tr\/wp-content\/uploads\/2020\/01\/Proplan.png 463w, https:\/\/www.cemagrup.com.tr\/wp-content\/uploads\/2020\/01\/Proplan-300x62.png 300w\" sizes=\"auto, (max-width: 463px) 100vw, 463px\" \/><\/figure>\n\n\n\n<figure class=\"wp-block-image size-full\"><img loading=\"lazy\" decoding=\"async\" width=\"234\" height=\"54\" data-id=\"265\" src=\"https:\/\/www.cemagrup.com.tr\/wp-content\/uploads\/2020\/01\/Putz.png\" alt=\"\" class=\"wp-image-265\"\/><\/figure>\n\n\n\n<figure class=\"wp-block-image size-full\"><img loading=\"lazy\" decoding=\"async\" width=\"344\" height=\"147\" data-id=\"266\" src=\"https:\/\/www.cemagrup.com.tr\/wp-content\/uploads\/2020\/01\/raddison.png\" alt=\"\" class=\"wp-image-266\" srcset=\"https:\/\/www.cemagrup.com.tr\/wp-content\/uploads\/2020\/01\/raddison.png 344w, https:\/\/www.cemagrup.com.tr\/wp-content\/uploads\/2020\/01\/raddison-300x128.png 300w\" sizes=\"auto, (max-width: 344px) 100vw, 344px\" \/><\/figure>\n\n\n\n<figure class=\"wp-block-image size-full\"><img loading=\"lazy\" decoding=\"async\" width=\"293\" height=\"55\" data-id=\"268\" src=\"https:\/\/www.cemagrup.com.tr\/wp-content\/uploads\/2020\/01\/Roenesans.png\" alt=\"\" class=\"wp-image-268\"\/><\/figure>\n\n\n\n<figure class=\"wp-block-image size-full\"><img loading=\"lazy\" decoding=\"async\" width=\"324\" height=\"93\" data-id=\"269\" src=\"https:\/\/www.cemagrup.com.tr\/wp-content\/uploads\/2020\/01\/sel.jpg\" alt=\"\" class=\"wp-image-269\" srcset=\"https:\/\/www.cemagrup.com.tr\/wp-content\/uploads\/2020\/01\/sel.jpg 324w, https:\/\/www.cemagrup.com.tr\/wp-content\/uploads\/2020\/01\/sel-300x86.jpg 300w\" sizes=\"auto, (max-width: 324px) 100vw, 324px\" \/><\/figure>\n\n\n\n<figure class=\"wp-block-image size-full\"><img loading=\"lazy\" decoding=\"async\" width=\"203\" height=\"164\" data-id=\"242\" src=\"https:\/\/www.cemagrup.com.tr\/wp-content\/uploads\/2020\/01\/ahel.png\" alt=\"\" class=\"wp-image-242\"\/><\/figure>\n\n\n\n<figure class=\"wp-block-image size-full\"><img loading=\"lazy\" decoding=\"async\" width=\"348\" height=\"125\" data-id=\"271\" src=\"https:\/\/www.cemagrup.com.tr\/wp-content\/uploads\/2020\/01\/SSB.png\" alt=\"\" class=\"wp-image-271\" srcset=\"https:\/\/www.cemagrup.com.tr\/wp-content\/uploads\/2020\/01\/SSB.png 348w, https:\/\/www.cemagrup.com.tr\/wp-content\/uploads\/2020\/01\/SSB-300x108.png 300w\" sizes=\"auto, (max-width: 348px) 100vw, 348px\" \/><\/figure>\n\n\n\n<figure class=\"wp-block-image size-large\"><img loading=\"lazy\" decoding=\"async\" width=\"129\" height=\"79\" data-id=\"272\" src=\"https:\/\/www.cemagrup.com.tr\/wp-content\/uploads\/2020\/01\/Terra.png\" alt=\"\" class=\"wp-image-272\"\/><\/figure>\n\n\n\n<figure class=\"wp-block-image size-full\"><img loading=\"lazy\" decoding=\"async\" width=\"305\" height=\"205\" data-id=\"273\" src=\"https:\/\/www.cemagrup.com.tr\/wp-content\/uploads\/2020\/01\/TOFA-.jpg\" alt=\"\" class=\"wp-image-273\" srcset=\"https:\/\/www.cemagrup.com.tr\/wp-content\/uploads\/2020\/01\/TOFA-.jpg 305w, https:\/\/www.cemagrup.com.tr\/wp-content\/uploads\/2020\/01\/TOFA--300x202.jpg 300w\" sizes=\"auto, (max-width: 305px) 100vw, 305px\" \/><\/figure>\n\n\n\n<figure class=\"wp-block-image size-full\"><img loading=\"lazy\" decoding=\"async\" width=\"164\" height=\"82\" data-id=\"274\" src=\"https:\/\/www.cemagrup.com.tr\/wp-content\/uploads\/2020\/01\/Tuekek.jpg\" alt=\"\" class=\"wp-image-274\"\/><\/figure>\n\n\n\n<figure class=\"wp-block-image size-full\"><img loading=\"lazy\" decoding=\"async\" width=\"221\" height=\"89\" data-id=\"275\" src=\"https:\/\/www.cemagrup.com.tr\/wp-content\/uploads\/2020\/01\/Ulusoy.png\" alt=\"\" class=\"wp-image-275\"\/><\/figure>\n\n\n\n<figure class=\"wp-block-image size-full\"><img loading=\"lazy\" decoding=\"async\" width=\"602\" height=\"550\" data-id=\"794\" src=\"https:\/\/www.cemagrup.com.tr\/wp-content\/uploads\/2020\/11\/cankaya_bel.jpg\" alt=\"\" class=\"wp-image-794\" srcset=\"https:\/\/www.cemagrup.com.tr\/wp-content\/uploads\/2020\/11\/cankaya_bel.jpg 602w, https:\/\/www.cemagrup.com.tr\/wp-content\/uploads\/2020\/11\/cankaya_bel-300x274.jpg 300w\" sizes=\"auto, (max-width: 602px) 100vw, 602px\" \/><\/figure>\n\n\n\n<figure class=\"wp-block-image size-full\"><img loading=\"lazy\" decoding=\"async\" width=\"559\" height=\"410\" data-id=\"795\" src=\"https:\/\/www.cemagrup.com.tr\/wp-content\/uploads\/2020\/11\/ipsala_bel.jpg\" alt=\"\" class=\"wp-image-795\" srcset=\"https:\/\/www.cemagrup.com.tr\/wp-content\/uploads\/2020\/11\/ipsala_bel.jpg 559w, https:\/\/www.cemagrup.com.tr\/wp-content\/uploads\/2020\/11\/ipsala_bel-300x220.jpg 300w\" sizes=\"auto, (max-width: 559px) 100vw, 559px\" \/><\/figure>\n\n\n\n<figure class=\"wp-block-image size-full\"><img loading=\"lazy\" decoding=\"async\" width=\"621\" height=\"453\" data-id=\"797\" src=\"https:\/\/www.cemagrup.com.tr\/wp-content\/uploads\/2020\/11\/yenimahalle_bel.jpg\" alt=\"\" class=\"wp-image-797\" srcset=\"https:\/\/www.cemagrup.com.tr\/wp-content\/uploads\/2020\/11\/yenimahalle_bel.jpg 621w, https:\/\/www.cemagrup.com.tr\/wp-content\/uploads\/2020\/11\/yenimahalle_bel-300x219.jpg 300w\" sizes=\"auto, (max-width: 621px) 100vw, 621px\" \/><\/figure>\n\n\n\n<figure class=\"wp-block-image size-full\"><img loading=\"lazy\" decoding=\"async\" width=\"596\" height=\"380\" data-id=\"796\" src=\"https:\/\/www.cemagrup.com.tr\/wp-content\/uploads\/2020\/11\/sealants.jpg\" alt=\"\" class=\"wp-image-796\" srcset=\"https:\/\/www.cemagrup.com.tr\/wp-content\/uploads\/2020\/11\/sealants.jpg 596w, https:\/\/www.cemagrup.com.tr\/wp-content\/uploads\/2020\/11\/sealants-300x191.jpg 300w\" sizes=\"auto, (max-width: 596px) 100vw, 596px\" \/><\/figure>\n\n\n\n<figure class=\"wp-block-image size-full\"><img loading=\"lazy\" decoding=\"async\" width=\"300\" height=\"219\" data-id=\"1084\" src=\"https:\/\/www.cemagrup.com.tr\/wp-content\/uploads\/2025\/11\/3.jpg\" alt=\"\" class=\"wp-image-1084\"\/><\/figure>\n\n\n\n<figure class=\"wp-block-image size-full\"><img loading=\"lazy\" decoding=\"async\" width=\"190\" height=\"219\" data-id=\"1082\" src=\"https:\/\/www.cemagrup.com.tr\/wp-content\/uploads\/2025\/11\/2.jpg\" alt=\"\" class=\"wp-image-1082\"\/><\/figure>\n\n\n\n<figure class=\"wp-block-image size-full\"><img loading=\"lazy\" decoding=\"async\" width=\"938\" height=\"539\" data-id=\"1104\" src=\"https:\/\/www.cemagrup.com.tr\/wp-content\/uploads\/2025\/12\/abb-logo.jpg\" alt=\"\" class=\"wp-image-1104\" srcset=\"https:\/\/www.cemagrup.com.tr\/wp-content\/uploads\/2025\/12\/abb-logo.jpg 938w, https:\/\/www.cemagrup.com.tr\/wp-content\/uploads\/2025\/12\/abb-logo-300x172.jpg 300w, https:\/\/www.cemagrup.com.tr\/wp-content\/uploads\/2025\/12\/abb-logo-768x441.jpg 768w\" sizes=\"auto, (max-width: 938px) 100vw, 938px\" \/><\/figure>\n\n\n\n<figure class=\"wp-block-image size-full\"><img loading=\"lazy\" decoding=\"async\" width=\"300\" height=\"186\" data-id=\"1098\" src=\"https:\/\/www.cemagrup.com.tr\/wp-content\/uploads\/2025\/12\/ter-1.png\" alt=\"\" class=\"wp-image-1098\"\/><\/figure>\n\n\n\n<figure class=\"wp-block-image size-full\"><img loading=\"lazy\" decoding=\"async\" width=\"150\" height=\"219\" data-id=\"1083\" src=\"https:\/\/www.cemagrup.com.tr\/wp-content\/uploads\/2025\/11\/1.jpg\" alt=\"\" class=\"wp-image-1083\"\/><\/figure>\n\n\n\n<figure class=\"wp-block-image size-thumbnail is-style-default\"><img loading=\"lazy\" decoding=\"async\" width=\"150\" height=\"150\" data-id=\"1129\" src=\"https:\/\/www.cemagrup.com.tr\/wp-content\/uploads\/2026\/04\/WhatsApp-Image-2026-04-13-at-14.39.28-150x150.jpeg\" alt=\"\" class=\"wp-image-1129\"\/><\/figure>\n<\/figure>\n\n\n\n<br><br>\n\n\n\n<br>\n\n\n\n<p class=\"has-pale-cyan-blue-background-color has-background\"><\/p>\n","protected":false},"excerpt":{"rendered":"<p>Referanslar\u0131m\u0131zdan baz\u0131lar\u0131n\u0131 a\u015fa\u011f\u0131da g\u00f6rebilirsiniz&#8230;<\/p>\n","protected":false},"author":1,"featured_media":0,"parent":0,"menu_order":0,"comment_status":"closed","ping_status":"closed","template":"","meta":{"pagelayer_contact_templates":[],"_pagelayer_content":"","inline_featured_image":false,"footnotes":""},"class_list":["post-241","page","type-page","status-publish","hentry"],"_links":{"self":[{"href":"https:\/\/www.cemagrup.com.tr\/index.php?rest_route=\/wp\/v2\/pages\/241","targetHints":{"allow":["GET"]}}],"collection":[{"href":"https:\/\/www.cemagrup.com.tr\/index.php?rest_route=\/wp\/v2\/pages"}],"about":[{"href":"https:\/\/www.cemagrup.com.tr\/index.php?rest_route=\/wp\/v2\/types\/page"}],"author":[{"embeddable":true,"href":"https:\/\/www.cemagrup.com.tr\/index.php?rest_route=\/wp\/v2\/users\/1"}],"replies":[{"embeddable":true,"href":"https:\/\/www.cemagrup.com.tr\/index.php?rest_route=%2Fwp%2Fv2%2Fcomments&post=241"}],"version-history":[{"count":30,"href":"https:\/\/www.cemagrup.com.tr\/index.php?rest_route=\/wp\/v2\/pages\/241\/revisions"}],"predecessor-version":[{"id":1134,"href":"https:\/\/www.cemagrup.com.tr\/index.php?rest_route=\/wp\/v2\/pages\/241\/revisions\/1134"}],"wp:attachment":[{"href":"https:\/\/www.cemagrup.com.tr\/index.php?rest_route=%2Fwp%2Fv2%2Fmedia&parent=241"}],"curies":[{"name":"wp","href":"https:\/\/api.w.org\/{rel}","templated":true}]}}