{"id":279,"date":"2020-01-17T03:34:31","date_gmt":"2020-01-17T03:34:31","guid":{"rendered":"http:\/\/www.cemagrup.com.tr\/?page_id=279"},"modified":"2025-05-29T07:03:34","modified_gmt":"2025-05-29T07:03:34","slug":"iletisim","status":"publish","type":"page","link":"https:\/\/www.cemagrup.com.tr\/?page_id=279","title":{"rendered":"\u0130leti\u015fim"},"content":{"rendered":"\n<p class=\"has-pale-cyan-blue-background-color has-text-color has-background\" style=\"color:#ffffff\"><strong>\u0130LET\u0130\u015e\u0130M B\u0130LG\u0130LER\u0130M\u0130Z<\/strong><\/p>\n\n\n\n<figure class=\"wp-block-image size-large\"><img loading=\"lazy\" decoding=\"async\" width=\"289\" height=\"97\" src=\"http:\/\/www.cemagrup.com.tr\/wp-content\/uploads\/2020\/01\/CEMA.png\" alt=\"\" class=\"wp-image-7\"\/><\/figure>\n\n\n\n<iframe loading=\"lazy\" src=\"https:\/\/www.google.com\/maps\/embed?pb=!1m18!1m12!1m3!1d3060.3531375372336!2d32.810588115695545!3d39.91111279415745!2m3!1f0!2f0!3f0!3m2!1i1024!2i768!4f13.1!3m3!1m2!1s0x14d34e44431b677d%3A0x9ef3e1957b025555!2sNext%20Level!5e0!3m2!1str!2str!4v1583626306197!5m2!1str!2str\" width=\"1400\" height=\"400\" frameborder=\"0\" style=\"border:0;\" allowfullscreen=\"\"><\/iframe>\n\n\n\n<br><br>\n\n\n\n<p class=\"has-very-light-gray-background-color has-text-color has-background\" style=\"color:#000000\"><strong>Cema Grup Enerji San. ve Tic. A.\u015e.<\/strong><br>K\u0131z\u0131l\u0131rmak Mah. Dumlup\u0131nar Bulvar\u0131, No: 3A 4\/10 Next Level Plaza \u00c7ankaya \u2013  ANKARA<br>PK.06530 \u00c7ankaya &#8211; Ankara \/ T\u00dcRK\u0130YE<br><br><strong>Tel :<\/strong>  +90 312 945 04 10<br><strong>Fax:<\/strong> +90 850 522 34 03<br><strong>Email:<\/strong> <a rel=\"noreferrer noopener\" href=\"mailto:info@cemagrup.com\" target=\"_blank\">info@cemagrup.com<\/a>, <a href=\"mailto:info@cemagrup.com.tr\">info@cemagrup.com.tr<\/a><\/p>\n\n\n\n<p class=\"has-very-light-gray-background-color has-text-color has-background\" style=\"color:#000000\"><strong>\u00dcretim Yeri:<\/strong><br>Ali Pa\u015fa Mah. Trablusgarp Cad.<br>No: 20\/22 Silivri &#8211; \u0130stanbul \/ T\u00dcRK\u0130YE<\/p>\n\n\n\n<br>\n\n\n\n<iframe loading=\"lazy\" src=\"https:\/\/www.google.com\/maps\/embed?pb=!1m17!1m12!1m3!1d3046.4413143781244!2d33.02766037600134!3d40.22148897147164!2m3!1f0!2f0!3f0!3m2!1i1024!2i768!4f13.1!3m2!1m1!2zNDDCsDEzJzE3LjQiTiAzM8KwMDEnNDguOSJF!5e0!3m2!1str!2str!4v1748502183397!5m2!1str!2str\" width=\"1400\" height=\"400\" frameborder=\"0\" style=\"border:0;\" allowfullscreen=\"\"><\/iframe>\n\n\n\n<br><br>\n\n\n\n<p class=\"has-very-light-gray-background-color has-text-color has-background\" style=\"color:#000000\"><strong>Cema Grup Enerji San. ve Tic. A.\u015e. \/ \u00c7ubuk Yerle\u015fkesi<\/strong><br>Cumhuriyet Mah. Sanayi Cad. No: 34\/1 Merkez \u00c7ubuk\/Ankara<br><br><strong>Tel :<\/strong> +90 312 945 04 10<br><strong>Fax:<\/strong> +90 850 522 34 03<br><strong>Email:<\/strong> <a href=\"mailto:info@cemagrup.com\" target=\"_blank\" rel=\"noreferrer noopener\">info@cemagrup.com<\/a>, <a href=\"mailto:info@cemagrup.com.tr\">info@cemagrup.com.tr<\/a><\/p>\n\n\n\n<br>\n\n\n\n<p class=\"has-pale-cyan-blue-background-color has-text-color has-background\" style=\"color:#ffffff\"><strong>\u0130LET\u0130\u015e\u0130M FORMU<\/strong><\/p>\n\n\n\n<br>\n\n\n\n<div class=\"wpcf7 no-js\" id=\"wpcf7-f311-o1\" lang=\"tr-TR\" dir=\"ltr\" data-wpcf7-id=\"311\">\n<div class=\"screen-reader-response\"><p role=\"status\" aria-live=\"polite\" aria-atomic=\"true\"><\/p> <ul><\/ul><\/div>\n<form action=\"\/index.php?rest_route=%2Fwp%2Fv2%2Fpages%2F279#wpcf7-f311-o1\" method=\"post\" class=\"wpcf7-form init\" aria-label=\"\u0130leti\u015fim Formu\" novalidate=\"novalidate\" data-status=\"init\">\n<div style=\"display: none;\">\n<input type=\"hidden\" name=\"_wpcf7\" value=\"311\" \/>\n<input type=\"hidden\" name=\"_wpcf7_version\" value=\"6.0.3\" \/>\n<input type=\"hidden\" name=\"_wpcf7_locale\" value=\"tr_TR\" \/>\n<input type=\"hidden\" name=\"_wpcf7_unit_tag\" value=\"wpcf7-f311-o1\" \/>\n<input type=\"hidden\" name=\"_wpcf7_container_post\" value=\"0\" \/>\n<input type=\"hidden\" name=\"_wpcf7_posted_data_hash\" value=\"\" \/>\n<\/div>\n<p><label> Ad\u0131n\u0131z (gerekli)<br \/>\n<span class=\"wpcf7-form-control-wrap\" data-name=\"your-name\"><input size=\"40\" maxlength=\"400\" class=\"wpcf7-form-control wpcf7-text wpcf7-validates-as-required\" aria-required=\"true\" aria-invalid=\"false\" value=\"\" type=\"text\" name=\"your-name\" \/><\/span> <\/label>\n<\/p>\n<p><label> E-posta adresiniz (gerekli)<br \/>\n<span class=\"wpcf7-form-control-wrap\" data-name=\"your-email\"><input size=\"40\" maxlength=\"400\" class=\"wpcf7-form-control wpcf7-email wpcf7-validates-as-required wpcf7-text wpcf7-validates-as-email\" aria-required=\"true\" aria-invalid=\"false\" value=\"\" type=\"email\" name=\"your-email\" \/><\/span> <\/label>\n<\/p>\n<p><label> Konu<br \/>\n<span class=\"wpcf7-form-control-wrap\" data-name=\"your-subject\"><input size=\"40\" maxlength=\"400\" class=\"wpcf7-form-control wpcf7-text\" aria-invalid=\"false\" value=\"\" type=\"text\" name=\"your-subject\" \/><\/span> <\/label>\n<\/p>\n<p><label> \u0130letiniz<br \/>\n<span class=\"wpcf7-form-control-wrap\" data-name=\"your-message\"><textarea cols=\"40\" rows=\"10\" maxlength=\"2000\" class=\"wpcf7-form-control wpcf7-textarea\" aria-invalid=\"false\" name=\"your-message\"><\/textarea><\/span> <\/label>\n<\/p>\n<p><input class=\"wpcf7-form-control wpcf7-submit has-spinner\" type=\"submit\" value=\"G\u00f6nder\" \/>\n<\/p><div class=\"wpcf7-response-output\" aria-hidden=\"true\"><\/div>\n<\/form>\n<\/div>\n\n\n\n\n<p><\/p>\n","protected":false},"excerpt":{"rendered":"<p>\u0130LET\u0130\u015e\u0130M B\u0130LG\u0130LER\u0130M\u0130Z Cema Grup Enerji San. ve Tic. A.\u015e.K\u0131z\u0131l\u0131rmak Mah. Dumlup\u0131nar Bulvar\u0131, No: 3A 4\/10 Next Level Plaza \u00c7ankaya \u2013 ANKARAPK.06530 \u00c7ankaya &#8211; Ankara \/ T\u00dcRK\u0130YE Tel : +90 312 945 04 10Fax: +90 850 522 34 03Email: info@cemagrup.com, info@cemagrup.com.tr \u00dcretim Yeri:Ali Pa\u015fa Mah. Trablusgarp Cad.No: 20\/22 Silivri &#8211; \u0130stanbul \/ T\u00dcRK\u0130YE Cema Grup Enerji&hellip; <br \/> <a class=\"read-more\" href=\"https:\/\/www.cemagrup.com.tr\/?page_id=279\">Devam\u0131<\/a><\/p>\n","protected":false},"author":1,"featured_media":0,"parent":0,"menu_order":0,"comment_status":"closed","ping_status":"closed","template":"","meta":{"pagelayer_contact_templates":[],"_pagelayer_content":"","inline_featured_image":false,"footnotes":""},"class_list":["post-279","page","type-page","status-publish","hentry"],"_links":{"self":[{"href":"https:\/\/www.cemagrup.com.tr\/index.php?rest_route=\/wp\/v2\/pages\/279","targetHints":{"allow":["GET"]}}],"collection":[{"href":"https:\/\/www.cemagrup.com.tr\/index.php?rest_route=\/wp\/v2\/pages"}],"about":[{"href":"https:\/\/www.cemagrup.com.tr\/index.php?rest_route=\/wp\/v2\/types\/page"}],"author":[{"embeddable":true,"href":"https:\/\/www.cemagrup.com.tr\/index.php?rest_route=\/wp\/v2\/users\/1"}],"replies":[{"embeddable":true,"href":"https:\/\/www.cemagrup.com.tr\/index.php?rest_route=%2Fwp%2Fv2%2Fcomments&post=279"}],"version-history":[{"count":31,"href":"https:\/\/www.cemagrup.com.tr\/index.php?rest_route=\/wp\/v2\/pages\/279\/revisions"}],"predecessor-version":[{"id":1066,"href":"https:\/\/www.cemagrup.com.tr\/index.php?rest_route=\/wp\/v2\/pages\/279\/revisions\/1066"}],"wp:attachment":[{"href":"https:\/\/www.cemagrup.com.tr\/index.php?rest_route=%2Fwp%2Fv2%2Fmedia&parent=279"}],"curies":[{"name":"wp","href":"https:\/\/api.w.org\/{rel}","templated":true}]}}