{"id":305,"date":"2020-01-17T03:42:44","date_gmt":"2020-01-17T03:42:44","guid":{"rendered":"http:\/\/www.cemagrup.com.tr\/?page_id=305"},"modified":"2025-01-15T09:40:39","modified_gmt":"2025-01-15T09:40:39","slug":"urunlerimiz","status":"publish","type":"page","link":"https:\/\/www.cemagrup.com.tr\/?page_id=305","title":{"rendered":"\u00dcr\u00fcnlerimiz"},"content":{"rendered":"\n<br>\n\n\n\n<ul class=\"wp-block-list\">\n<li><strong><a href=\"http:\/\/www.cemagrup.com.tr\/?page_id=650\">\u0130\u00e7 Mekan Ayd\u0131nlatma \u00dcr\u00fcnleri<\/a><\/strong><\/li>\n\n\n\n<li><strong><a href=\"http:\/\/www.cemagrup.com.tr\/?page_id=656\">D\u0131\u015f Mekan Ayd\u0131nlatma \u00dcr\u00fcnleri<\/a><\/strong><\/li>\n\n\n\n<li><strong><a href=\"http:\/\/www.cemagrup.com.tr\/wp-content\/uploads\/2022\/05\/arama_kurtarma_urunleri.pdf\" target=\"_blank\" rel=\"noreferrer noopener\">Arama Kurtarma \u00dcr\u00fcnleri<\/a><\/strong><\/li>\n\n\n\n<li><strong><a href=\"http:\/\/www.cemagrup.com.tr\/?page_id=660\">Di\u011fer \u00dcr\u00fcnler<\/a><\/strong><\/li>\n\n\n\n<li><strong><a href=\"http:\/\/www.cemagrup.com.tr\/?page_id=664\">\u00dcr\u00fcn Videolar\u0131<\/a><\/strong><\/li>\n\n\n\n<li><strong><a href=\"http:\/\/www.cemagrup.com.tr\/?page_id=668\">Uygulamalar<\/a><\/strong><\/li>\n<\/ul>\n\n\n\n<br><br>\n\n\n\n<p><\/p>\n","protected":false},"excerpt":{"rendered":"","protected":false},"author":1,"featured_media":0,"parent":0,"menu_order":0,"comment_status":"closed","ping_status":"closed","template":"","meta":{"pagelayer_contact_templates":[],"_pagelayer_content":"","inline_featured_image":false,"footnotes":""},"class_list":["post-305","page","type-page","status-publish","hentry"],"_links":{"self":[{"href":"https:\/\/www.cemagrup.com.tr\/index.php?rest_route=\/wp\/v2\/pages\/305","targetHints":{"allow":["GET"]}}],"collection":[{"href":"https:\/\/www.cemagrup.com.tr\/index.php?rest_route=\/wp\/v2\/pages"}],"about":[{"href":"https:\/\/www.cemagrup.com.tr\/index.php?rest_route=\/wp\/v2\/types\/page"}],"author":[{"embeddable":true,"href":"https:\/\/www.cemagrup.com.tr\/index.php?rest_route=\/wp\/v2\/users\/1"}],"replies":[{"embeddable":true,"href":"https:\/\/www.cemagrup.com.tr\/index.php?rest_route=%2Fwp%2Fv2%2Fcomments&post=305"}],"version-history":[{"count":74,"href":"https:\/\/www.cemagrup.com.tr\/index.php?rest_route=\/wp\/v2\/pages\/305\/revisions"}],"predecessor-version":[{"id":954,"href":"https:\/\/www.cemagrup.com.tr\/index.php?rest_route=\/wp\/v2\/pages\/305\/revisions\/954"}],"wp:attachment":[{"href":"https:\/\/www.cemagrup.com.tr\/index.php?rest_route=%2Fwp%2Fv2%2Fmedia&parent=305"}],"curies":[{"name":"wp","href":"https:\/\/api.w.org\/{rel}","templated":true}]}}