{"id":350,"date":"2020-01-28T01:44:18","date_gmt":"2020-01-28T01:44:18","guid":{"rendered":"http:\/\/www.cemagrup.com.tr\/?page_id=350"},"modified":"2025-10-17T12:37:08","modified_gmt":"2025-10-17T12:37:08","slug":"bayilerimiz","status":"publish","type":"page","link":"https:\/\/www.cemagrup.com.tr\/?page_id=350","title":{"rendered":"Bayilerimiz"},"content":{"rendered":"<div class=\"wp-block-image\">\n<figure class=\"aligncenter size-large\"><img loading=\"lazy\" decoding=\"async\" width=\"1000\" height=\"665\" src=\"http:\/\/www.cemagrup.com.tr\/wp-content\/uploads\/2022\/05\/harita.jpg\" alt=\"\" class=\"wp-image-823\" srcset=\"https:\/\/www.cemagrup.com.tr\/wp-content\/uploads\/2022\/05\/harita.jpg 1000w, https:\/\/www.cemagrup.com.tr\/wp-content\/uploads\/2022\/05\/harita-300x200.jpg 300w, https:\/\/www.cemagrup.com.tr\/wp-content\/uploads\/2022\/05\/harita-768x511.jpg 768w\" sizes=\"auto, (max-width: 1000px) 100vw, 1000px\" \/><\/figure><\/div>\n\n\n<p><\/p>\n\n\n\n<figure class=\"wp-block-table aligncenter\">\n  <table>\n    <tbody>\n      <tr>\n        <td style=\"padding: 10px; text-align: center;\"><strong><span style=\"color: black;\">ANKARA BAY\u0130\u0130<\/span><\/strong><\/td>\n        <td style=\"padding: 10px; text-align: center;\"><strong><span style=\"color: black;\">KVK ELEKTR\u0130K ENERJ\u0130 A.\u015e.<\/span><\/strong><\/td>\n      <\/tr>\n      <tr>\n        <td style=\"padding: 10px; text-align: center;\"><strong>Merkez<\/strong><\/td>\n        <td style=\"padding: 10px; text-align: center;\">Cinnah Caddesi, 76\/3 <br>\u00c7ankaya \/ ANKARA<\/td>\n      <\/tr>\n      <tr>\n        <td style=\"padding: 10px; text-align: center;\"><strong>Tel<\/strong><\/td>\n        <td style=\"padding: 10px; text-align: center;\">+90 312 219 55 56<\/td>\n      <\/tr>\n      <tr>\n        <td style=\"padding: 10px; text-align: center;\"><strong>\u015eube \/ Depo<\/strong><\/td>\n        <td style=\"padding: 10px; text-align: center;\">Da\u011fyaka Mahallesi, 1408 Cadde,<br>No: 14\/B, Saray &#8211; Kahramankazan \/ ANKARA<\/td>\n      <\/tr>\n      <tr>\n        <td style=\"padding: 10px; text-align: center;\"><strong>Tel<\/strong><\/td>\n        <td style=\"padding: 10px; text-align: center;\">+90 (312) 219 65 45<\/td>\n      <\/tr>\n      <tr>\n        <td style=\"padding: 10px; text-align: center;\"><strong>Web<\/strong><\/td>\n        <td style=\"padding: 10px; text-align: center;\"><a href=\"http:\/\/www.kvkenerji.com\" target=\"_blank\" rel=\"noreferrer noopener\">www.kvkenerji.com<\/a><\/td>\n      <\/tr>\n      <tr>\n        <td style=\"padding: 10px; text-align: center;\"><strong>E-mail<\/strong><\/td>\n        <td style=\"padding: 10px; text-align: center;\"><a href=\"mailto:bilgi@kvkenerji.com\">bilgi@kvkenerji.com<\/a><\/td>\n      <\/tr>\n    <\/tbody>\n  <\/table>\n<\/figure>\n\n\n\n<br><hr><br>\n\n\n\n<figure class=\"wp-block-table aligncenter\">\n  <table>\n    <tbody>\n      <tr>\n        <td style=\"padding: 10px; text-align: center;\"><strong><span style=\"color: black;\">BURSA BAY\u0130\u0130<\/span><\/strong><\/td>\n        <td style=\"padding: 10px; text-align: center;\"><strong><span style=\"color: black;\">BURSA D\u0130REK Mekanik Bayrak<br>ve Ayd\u0131nlatma Direk Sistemleri<\/span><\/strong><\/td>\n      <\/tr>\n      <tr>\n        <td style=\"padding: 10px; text-align: center;\"><strong>Adres<\/strong><\/td>\n        <td style=\"padding: 10px; text-align: center;\">\u00c7\u0131nar\u00f6n\u00fc Mahallesi<br>Habipler Sokak No:5 <br>Y\u0131ld\u0131r\u0131m \/ BURSA<\/td>\n      <\/tr>\n      <tr>\n        <td style=\"padding: 10px; text-align: center;\"><strong>Tel &#8211; Fax<\/strong><\/td>\n        <td style=\"padding: 10px; text-align: center;\">+90 (224) 223 16 75<\/td>\n      <\/tr>\n    <\/tbody>\n  <\/table>\n<\/figure>\n\n\n\n<br><hr><br>\n\n\n\n<figure class=\"wp-block-table aligncenter\">\n  <table>\n    <tbody>\n      <tr>\n        <td style=\"padding: 10px; text-align: center;\"><strong><span style=\"color: black;\">\u015eIRNAK BAY\u0130\u0130<\/span><\/strong><\/td>\n        <td style=\"padding: 10px; text-align: center;\"><strong><span style=\"color: black;\">KASIRGA T\u0130CARET<\/span><\/strong><\/td>\n      <\/tr>\n      <tr>\n        <td style=\"padding: 10px; text-align: center;\"><strong>Adres<\/strong><\/td>\n        <td style=\"padding: 10px; text-align: center;\">Yeni\u015fehir Mah. \u0130pekyolu \u00fczeri<br>No:160 Silopi \/ \u015eIRNAK<\/td>\n      <\/tr>\n      <tr>\n        <td style=\"padding: 10px; text-align: center;\"><strong>Tel<\/strong><\/td>\n        <td style=\"padding: 10px; text-align: center;\">+90 (543) 778 47 22<\/td>\n      <\/tr>\n    <\/tbody>\n  <\/table>\n<\/figure>\n\n\n\n<br><hr><br>\n\n\n\n<figure class=\"wp-block-table aligncenter\">\n  <table>\n    <tbody>\n      <tr>\n        <td style=\"padding: 10px; text-align: center;\"><strong><span style=\"color: black;\">MALATYA BAY\u0130\u0130<\/span><\/strong><\/td>\n        <td style=\"padding: 10px; text-align: center;\"><strong><span style=\"color: black;\">HFM Taahh\u00fct \u0130n\u015f. Mak.<br>Elekt. San. ve Tic. Ltd. \u015eti.<\/span><\/strong><\/td>\n      <\/tr>\n      <tr>\n        <td style=\"padding: 10px; text-align: center;\"><strong>Adres<\/strong><\/td>\n        <td style=\"padding: 10px; text-align: center;\">Niyazi Mah. Niyazi M\u0131sri Cad.<br>\u00c7\u0131narlar Plaza No: 50\/103<br>Battalgazi \/ MALATYA<\/td>\n      <\/tr>\n      <tr>\n        <td style=\"padding: 10px; text-align: center;\"><strong>Tel<\/strong><\/td>\n        <td style=\"padding: 10px; text-align: center;\">+90 (533) 450 15 86<\/td>\n      <\/tr>\n    <\/tbody>\n  <\/table>\n<\/figure>\n\n\n\n<br><hr><br>\n\n\n\n<figure class=\"wp-block-table aligncenter\">\n  <table>\n    <tbody>\n      <tr>\n        <td style=\"padding: 10px; text-align: center;\"><strong><span style=\"color: black;\">TRABZON BAY\u0130\u0130<\/span><\/strong><\/td>\n        <td style=\"padding: 10px; text-align: center;\"><strong><span style=\"color: black;\">Turhal Elektrik<\/strong><\/span><\/strong><\/td>\n      <\/tr>\n      <tr>\n        <td style=\"padding: 10px; text-align: center;\"><strong>Adres<\/strong><\/td>\n        <td style=\"padding: 10px; text-align: center;\">Kemerkaya Mah. Bal\u0131kpazar\u0131 Sok.<br>No: 13\/C Ortahisar \/ TRABZON<\/td>\n      <\/tr>\n      <tr>\n        <td style=\"padding: 10px; text-align: center;\"><strong>Tel<\/strong><\/td>\n        <td style=\"padding: 10px; text-align: center;\">+90 (462) 326 40 55<\/td>\n      <\/tr>\n      <tr>\n        <td style=\"padding: 10px; text-align: center;\"><strong>Web<\/strong><\/td>\n        <td style=\"padding: 10px; text-align: center;\">www.turhal.com.tr<\/td>\n      <\/tr>\n      <tr>\n        <td style=\"padding: 10px; text-align: center;\"><strong>E-mail<\/strong><\/td>\n        <td style=\"padding: 10px; text-align: center;\">info@turhal.com.tr<\/td>\n      <\/tr>\n    <\/tbody>\n  <\/table>\n<\/figure>\n","protected":false},"excerpt":{"rendered":"<p>ANKARA BAY\u0130\u0130 KVK ELEKTR\u0130K ENERJ\u0130 A.\u015e. Merkez Cinnah Caddesi, 76\/3 \u00c7ankaya \/ ANKARA Tel +90 312 219 55 56 \u015eube \/ Depo Da\u011fyaka Mahallesi, 1408 Cadde,No: 14\/B, Saray &#8211; Kahramankazan \/ ANKARA Tel +90 (312) 219 65 45 Web www.kvkenerji.com E-mail bilgi@kvkenerji.com BURSA BAY\u0130\u0130 BURSA D\u0130REK Mekanik Bayrakve Ayd\u0131nlatma Direk Sistemleri Adres \u00c7\u0131nar\u00f6n\u00fc MahallesiHabipler Sokak&hellip; <br \/> <a class=\"read-more\" href=\"https:\/\/www.cemagrup.com.tr\/?page_id=350\">Devam\u0131<\/a><\/p>\n","protected":false},"author":1,"featured_media":0,"parent":0,"menu_order":0,"comment_status":"closed","ping_status":"closed","template":"","meta":{"pagelayer_contact_templates":[],"_pagelayer_content":"","inline_featured_image":false,"footnotes":""},"class_list":["post-350","page","type-page","status-publish","hentry"],"_links":{"self":[{"href":"https:\/\/www.cemagrup.com.tr\/index.php?rest_route=\/wp\/v2\/pages\/350","targetHints":{"allow":["GET"]}}],"collection":[{"href":"https:\/\/www.cemagrup.com.tr\/index.php?rest_route=\/wp\/v2\/pages"}],"about":[{"href":"https:\/\/www.cemagrup.com.tr\/index.php?rest_route=\/wp\/v2\/types\/page"}],"author":[{"embeddable":true,"href":"https:\/\/www.cemagrup.com.tr\/index.php?rest_route=\/wp\/v2\/users\/1"}],"replies":[{"embeddable":true,"href":"https:\/\/www.cemagrup.com.tr\/index.php?rest_route=%2Fwp%2Fv2%2Fcomments&post=350"}],"version-history":[{"count":44,"href":"https:\/\/www.cemagrup.com.tr\/index.php?rest_route=\/wp\/v2\/pages\/350\/revisions"}],"predecessor-version":[{"id":1072,"href":"https:\/\/www.cemagrup.com.tr\/index.php?rest_route=\/wp\/v2\/pages\/350\/revisions\/1072"}],"wp:attachment":[{"href":"https:\/\/www.cemagrup.com.tr\/index.php?rest_route=%2Fwp%2Fv2%2Fmedia&parent=350"}],"curies":[{"name":"wp","href":"https:\/\/api.w.org\/{rel}","templated":true}]}}