{"id":650,"date":"2020-03-09T21:16:47","date_gmt":"2020-03-09T21:16:47","guid":{"rendered":"http:\/\/www.cemagrup.com.tr\/?page_id=650"},"modified":"2020-03-09T21:16:59","modified_gmt":"2020-03-09T21:16:59","slug":"ic-mekan-aydinlatma-urunleri","status":"publish","type":"page","link":"https:\/\/www.cemagrup.com.tr\/?page_id=650","title":{"rendered":"\u0130\u00e7 Mekan Ayd\u0131nlatma \u00dcr\u00fcnleri"},"content":{"rendered":"\n<div class=\"wp-block-envira-envira-gallery\"><div id=\"envira-gallery-wrap-511\" class=\"envira-gallery-wrap envira-gallery-theme-base envira-lightbox-theme-base\" itemscope itemtype=\"https:\/\/schema.org\/ImageGallery\"><div data-row-height=\"100\" data-gallery-theme=\"normal\" id=\"envira-gallery-511\" class=\"envira-gallery-public envira-gallery-justified-public envira-gallery-0-columns envira-clear enviratope envira-gallery-css-animations\" data-envira-columns=\"0\"><div id=\"envira-gallery-item-441\" class=\"envira-gallery-item enviratope-item envira-gallery-item-1 envira-lazy-load\" style=\"padding-left: 1px; padding-bottom: 1px; padding-right: 1px;\"  itemscope itemtype=\"https:\/\/schema.org\/ImageObject\"><div class=\"envira-gallery-item-inner\"><div class=\"envira-gallery-position-overlay  envira-gallery-top-left\"><\/div><div class=\"envira-gallery-position-overlay  envira-gallery-top-right\"><\/div><div class=\"envira-gallery-position-overlay  envira-gallery-bottom-left\"><\/div><div class=\"envira-gallery-position-overlay  envira-gallery-bottom-right\"><\/div><a href=\"http:\/\/www.cemagrup.com.tr\/wp-content\/uploads\/2020\/03\/60x30-Led-Panel-Ta\u015f-Y\u00fcn\u00fc-Tavan.png\" class=\"envira-gallery-511 envira-gallery-link\" rel=\"enviragallery511\" title=\"60x30-led-panel-tas-yunu-tavan\" data-envira-caption=\"60x30-led-panel-tas-yunu-tavan\" data-envira-retina=\"\" data-thumbnail=\"\"  itemprop=\"contentUrl\"><img decoding=\"async\" id=\"envira-gallery-image-441\" class=\"envira-gallery-image envira-gallery-image-1 envira-normal envira-lazy\" data-envira-index=\"1\" src=\"https:\/\/www.cemagrup.com.tr\/wp-content\/uploads\/2020\/02\/60x30-led-panel-tas-yunu-tavan-640x480.jpg\" data-envira-src=\"https:\/\/www.cemagrup.com.tr\/wp-content\/uploads\/2020\/02\/60x30-led-panel-tas-yunu-tavan-640x480.jpg\" data-envira-gallery-id=\"511\" data-envira-item-id=\"441\" data-envira-caption=\"60x30-led-panel-tas-yunu-tavan\" alt=\"\" title=\"60x30-led-panel-tas-yunu-tavan\"  itemprop=\"thumbnailUrl\" data-envira-srcset=\"https:\/\/www.cemagrup.com.tr\/wp-content\/uploads\/2020\/02\/60x30-led-panel-tas-yunu-tavan-640x480.jpg 400w,https:\/\/www.cemagrup.com.tr\/wp-content\/uploads\/2020\/02\/60x30-led-panel-tas-yunu-tavan-640x480.jpg 2x\" data-envira-width=\"300\" data-envira-height=\"300\" srcset=\"data:image\/gif;base64,R0lGODlhAQABAIAAAP\/\/\/\/\/\/\/yH5BAEKAAEALAAAAAABAAEAAAICTAEAOw==\" data-safe-src=\"data:image\/gif;base64,R0lGODlhAQABAIAAAP\/\/\/\/\/\/\/yH5BAEKAAEALAAAAAABAAEAAAICTAEAOw==\" \/><\/a><\/div><\/div><div id=\"envira-gallery-item-443\" class=\"envira-gallery-item enviratope-item envira-gallery-item-2 envira-lazy-load\" style=\"padding-left: 1px; padding-bottom: 1px; padding-right: 1px;\"  itemscope itemtype=\"https:\/\/schema.org\/ImageObject\"><div class=\"envira-gallery-item-inner\"><div class=\"envira-gallery-position-overlay  envira-gallery-top-left\"><\/div><div class=\"envira-gallery-position-overlay  envira-gallery-top-right\"><\/div><div class=\"envira-gallery-position-overlay  envira-gallery-bottom-left\"><\/div><div class=\"envira-gallery-position-overlay  envira-gallery-bottom-right\"><\/div><a href=\"http:\/\/www.cemagrup.com.tr\/wp-content\/uploads\/2020\/03\/60x60-Led-Panel-Ta\u015f-Y\u00fcn\u00fc-Tavan.png\" class=\"envira-gallery-511 envira-gallery-link\" rel=\"enviragallery511\" title=\"60x60-led-panel-tas-yunu-tavan\" data-envira-caption=\"60x60-led-panel-tas-yunu-tavan\" data-envira-retina=\"\" data-thumbnail=\"\"  itemprop=\"contentUrl\"><img decoding=\"async\" id=\"envira-gallery-image-443\" class=\"envira-gallery-image envira-gallery-image-2 envira-normal envira-lazy\" data-envira-index=\"2\" src=\"https:\/\/www.cemagrup.com.tr\/wp-content\/uploads\/2020\/02\/60x60-led-panel-tas-yunu-tavan-640x480.jpg\" data-envira-src=\"https:\/\/www.cemagrup.com.tr\/wp-content\/uploads\/2020\/02\/60x60-led-panel-tas-yunu-tavan-640x480.jpg\" data-envira-gallery-id=\"511\" data-envira-item-id=\"443\" data-envira-caption=\"60x60-led-panel-tas-yunu-tavan\" alt=\"\" title=\"60x60-led-panel-tas-yunu-tavan\"  itemprop=\"thumbnailUrl\" data-envira-srcset=\"https:\/\/www.cemagrup.com.tr\/wp-content\/uploads\/2020\/02\/60x60-led-panel-tas-yunu-tavan-640x480.jpg 400w,https:\/\/www.cemagrup.com.tr\/wp-content\/uploads\/2020\/02\/60x60-led-panel-tas-yunu-tavan-640x480.jpg 2x\" data-envira-width=\"300\" data-envira-height=\"300\" srcset=\"data:image\/gif;base64,R0lGODlhAQABAIAAAP\/\/\/\/\/\/\/yH5BAEKAAEALAAAAAABAAEAAAICTAEAOw==\" data-safe-src=\"data:image\/gif;base64,R0lGODlhAQABAIAAAP\/\/\/\/\/\/\/yH5BAEKAAEALAAAAAABAAEAAAICTAEAOw==\" \/><\/a><\/div><\/div><div id=\"envira-gallery-item-442\" class=\"envira-gallery-item enviratope-item envira-gallery-item-3 envira-lazy-load\" style=\"padding-left: 1px; padding-bottom: 1px; padding-right: 1px;\"  itemscope itemtype=\"https:\/\/schema.org\/ImageObject\"><div class=\"envira-gallery-item-inner\"><div class=\"envira-gallery-position-overlay  envira-gallery-top-left\"><\/div><div class=\"envira-gallery-position-overlay  envira-gallery-top-right\"><\/div><div class=\"envira-gallery-position-overlay  envira-gallery-bottom-left\"><\/div><div class=\"envira-gallery-position-overlay  envira-gallery-bottom-right\"><\/div><a href=\"http:\/\/www.cemagrup.com.tr\/wp-content\/uploads\/2020\/03\/60x60-Led-Panel-S\u0131va\u00fcst\u00fc.png\" class=\"envira-gallery-511 envira-gallery-link\" rel=\"enviragallery511\" title=\"60x60-led-panel-sivaustu\" data-envira-caption=\"60x60-led-panel-sivaustu\" data-envira-retina=\"\" data-thumbnail=\"\"  itemprop=\"contentUrl\"><img decoding=\"async\" id=\"envira-gallery-image-442\" class=\"envira-gallery-image envira-gallery-image-3 envira-normal envira-lazy\" data-envira-index=\"3\" src=\"https:\/\/www.cemagrup.com.tr\/wp-content\/uploads\/2020\/02\/60x60-led-panel-sivaustu-640x480.jpg\" data-envira-src=\"https:\/\/www.cemagrup.com.tr\/wp-content\/uploads\/2020\/02\/60x60-led-panel-sivaustu-640x480.jpg\" data-envira-gallery-id=\"511\" data-envira-item-id=\"442\" data-envira-caption=\"60x60-led-panel-sivaustu\" alt=\"\" title=\"60x60-led-panel-sivaustu\"  itemprop=\"thumbnailUrl\" data-envira-srcset=\"https:\/\/www.cemagrup.com.tr\/wp-content\/uploads\/2020\/02\/60x60-led-panel-sivaustu-640x480.jpg 400w,https:\/\/www.cemagrup.com.tr\/wp-content\/uploads\/2020\/02\/60x60-led-panel-sivaustu-640x480.jpg 2x\" data-envira-width=\"300\" data-envira-height=\"300\" srcset=\"data:image\/gif;base64,R0lGODlhAQABAIAAAP\/\/\/\/\/\/\/yH5BAEKAAEALAAAAAABAAEAAAICTAEAOw==\" data-safe-src=\"data:image\/gif;base64,R0lGODlhAQABAIAAAP\/\/\/\/\/\/\/yH5BAEKAAEALAAAAAABAAEAAAICTAEAOw==\" \/><\/a><\/div><\/div><div id=\"envira-gallery-item-440\" class=\"envira-gallery-item enviratope-item envira-gallery-item-4 envira-lazy-load\" style=\"padding-left: 1px; padding-bottom: 1px; padding-right: 1px;\"  itemscope itemtype=\"https:\/\/schema.org\/ImageObject\"><div class=\"envira-gallery-item-inner\"><div class=\"envira-gallery-position-overlay  envira-gallery-top-left\"><\/div><div class=\"envira-gallery-position-overlay  envira-gallery-top-right\"><\/div><div class=\"envira-gallery-position-overlay  envira-gallery-bottom-left\"><\/div><div class=\"envira-gallery-position-overlay  envira-gallery-bottom-right\"><\/div><a href=\"http:\/\/www.cemagrup.com.tr\/wp-content\/uploads\/2020\/03\/60x30-Led-Panel-S\u0131va\u00fcst\u00fc.png\" class=\"envira-gallery-511 envira-gallery-link\" rel=\"enviragallery511\" title=\"60x30-led-panel-sivaustu\" data-envira-caption=\"60x30-led-panel-sivaustu\" data-envira-retina=\"\" data-thumbnail=\"\"  itemprop=\"contentUrl\"><img decoding=\"async\" id=\"envira-gallery-image-440\" class=\"envira-gallery-image envira-gallery-image-4 envira-normal envira-lazy\" data-envira-index=\"4\" src=\"https:\/\/www.cemagrup.com.tr\/wp-content\/uploads\/2020\/02\/60x30-led-panel-sivaustu-640x480.jpg\" data-envira-src=\"https:\/\/www.cemagrup.com.tr\/wp-content\/uploads\/2020\/02\/60x30-led-panel-sivaustu-640x480.jpg\" data-envira-gallery-id=\"511\" data-envira-item-id=\"440\" data-envira-caption=\"60x30-led-panel-sivaustu\" alt=\"\" title=\"60x30-led-panel-sivaustu\"  itemprop=\"thumbnailUrl\" data-envira-srcset=\"https:\/\/www.cemagrup.com.tr\/wp-content\/uploads\/2020\/02\/60x30-led-panel-sivaustu-640x480.jpg 400w,https:\/\/www.cemagrup.com.tr\/wp-content\/uploads\/2020\/02\/60x30-led-panel-sivaustu-640x480.jpg 2x\" data-envira-width=\"300\" data-envira-height=\"300\" srcset=\"data:image\/gif;base64,R0lGODlhAQABAIAAAP\/\/\/\/\/\/\/yH5BAEKAAEALAAAAAABAAEAAAICTAEAOw==\" data-safe-src=\"data:image\/gif;base64,R0lGODlhAQABAIAAAP\/\/\/\/\/\/\/yH5BAEKAAEALAAAAAABAAEAAAICTAEAOw==\" \/><\/a><\/div><\/div><div id=\"envira-gallery-item-439\" class=\"envira-gallery-item enviratope-item envira-gallery-item-5 envira-lazy-load\" style=\"padding-left: 1px; padding-bottom: 1px; padding-right: 1px;\"  itemscope itemtype=\"https:\/\/schema.org\/ImageObject\"><div class=\"envira-gallery-item-inner\"><div class=\"envira-gallery-position-overlay  envira-gallery-top-left\"><\/div><div class=\"envira-gallery-position-overlay  envira-gallery-top-right\"><\/div><div class=\"envira-gallery-position-overlay  envira-gallery-bottom-left\"><\/div><div class=\"envira-gallery-position-overlay  envira-gallery-bottom-right\"><\/div><a href=\"http:\/\/www.cemagrup.com.tr\/wp-content\/uploads\/2020\/03\/60\u00d760-Desenli-Led-Panel-S\u0131vaalt\u0131.png\" class=\"envira-gallery-511 envira-gallery-link\" rel=\"enviragallery511\" title=\"60-60-desenli-led-panel-sivaustu\" data-envira-caption=\"60-60-desenli-led-panel-sivaustu\" data-envira-retina=\"\" data-thumbnail=\"\"  itemprop=\"contentUrl\"><img decoding=\"async\" id=\"envira-gallery-image-439\" class=\"envira-gallery-image envira-gallery-image-5 envira-normal envira-lazy\" data-envira-index=\"5\" src=\"https:\/\/www.cemagrup.com.tr\/wp-content\/uploads\/2020\/02\/60-60-desenli-led-panel-sivaustu-640x480.jpg\" data-envira-src=\"https:\/\/www.cemagrup.com.tr\/wp-content\/uploads\/2020\/02\/60-60-desenli-led-panel-sivaustu-640x480.jpg\" data-envira-gallery-id=\"511\" data-envira-item-id=\"439\" data-envira-caption=\"60-60-desenli-led-panel-sivaustu\" alt=\"\" title=\"60-60-desenli-led-panel-sivaustu\"  itemprop=\"thumbnailUrl\" data-envira-srcset=\"https:\/\/www.cemagrup.com.tr\/wp-content\/uploads\/2020\/02\/60-60-desenli-led-panel-sivaustu-640x480.jpg 400w,https:\/\/www.cemagrup.com.tr\/wp-content\/uploads\/2020\/02\/60-60-desenli-led-panel-sivaustu-640x480.jpg 2x\" data-envira-width=\"300\" data-envira-height=\"300\" srcset=\"data:image\/gif;base64,R0lGODlhAQABAIAAAP\/\/\/\/\/\/\/yH5BAEKAAEALAAAAAABAAEAAAICTAEAOw==\" data-safe-src=\"data:image\/gif;base64,R0lGODlhAQABAIAAAP\/\/\/\/\/\/\/yH5BAEKAAEALAAAAAABAAEAAAICTAEAOw==\" \/><\/a><\/div><\/div><div id=\"envira-gallery-item-436\" class=\"envira-gallery-item enviratope-item envira-gallery-item-6 envira-lazy-load\" style=\"padding-left: 1px; padding-bottom: 1px; padding-right: 1px;\"  itemscope itemtype=\"https:\/\/schema.org\/ImageObject\"><div class=\"envira-gallery-item-inner\"><div class=\"envira-gallery-position-overlay  envira-gallery-top-left\"><\/div><div class=\"envira-gallery-position-overlay  envira-gallery-top-right\"><\/div><div class=\"envira-gallery-position-overlay  envira-gallery-bottom-left\"><\/div><div class=\"envira-gallery-position-overlay  envira-gallery-bottom-right\"><\/div><a href=\"http:\/\/www.cemagrup.com.tr\/wp-content\/uploads\/2020\/03\/30x120-Led-Panel-S\u0131va\u00fcst\u00fc.png\" class=\"envira-gallery-511 envira-gallery-link\" rel=\"enviragallery511\" title=\"30-120-led-panel-sivaustu\" data-envira-caption=\"30-120-led-panel-sivaustu\" data-envira-retina=\"\" data-thumbnail=\"\"  itemprop=\"contentUrl\"><img decoding=\"async\" id=\"envira-gallery-image-436\" class=\"envira-gallery-image envira-gallery-image-6 envira-normal envira-lazy\" data-envira-index=\"6\" src=\"https:\/\/www.cemagrup.com.tr\/wp-content\/uploads\/2020\/02\/30-120-led-panel-sivaustu-640x480.jpg\" data-envira-src=\"https:\/\/www.cemagrup.com.tr\/wp-content\/uploads\/2020\/02\/30-120-led-panel-sivaustu-640x480.jpg\" data-envira-gallery-id=\"511\" data-envira-item-id=\"436\" data-envira-caption=\"30-120-led-panel-sivaustu\" alt=\"\" title=\"30-120-led-panel-sivaustu\"  itemprop=\"thumbnailUrl\" data-envira-srcset=\"https:\/\/www.cemagrup.com.tr\/wp-content\/uploads\/2020\/02\/30-120-led-panel-sivaustu-640x480.jpg 400w,https:\/\/www.cemagrup.com.tr\/wp-content\/uploads\/2020\/02\/30-120-led-panel-sivaustu-640x480.jpg 2x\" data-envira-width=\"300\" data-envira-height=\"300\" srcset=\"data:image\/gif;base64,R0lGODlhAQABAIAAAP\/\/\/\/\/\/\/yH5BAEKAAEALAAAAAABAAEAAAICTAEAOw==\" data-safe-src=\"data:image\/gif;base64,R0lGODlhAQABAIAAAP\/\/\/\/\/\/\/yH5BAEKAAEALAAAAAABAAEAAAICTAEAOw==\" \/><\/a><\/div><\/div><div id=\"envira-gallery-item-437\" class=\"envira-gallery-item enviratope-item envira-gallery-item-7 envira-lazy-load\" style=\"padding-left: 1px; padding-bottom: 1px; padding-right: 1px;\"  itemscope itemtype=\"https:\/\/schema.org\/ImageObject\"><div class=\"envira-gallery-item-inner\"><div class=\"envira-gallery-position-overlay  envira-gallery-top-left\"><\/div><div class=\"envira-gallery-position-overlay  envira-gallery-top-right\"><\/div><div class=\"envira-gallery-position-overlay  envira-gallery-bottom-left\"><\/div><div class=\"envira-gallery-position-overlay  envira-gallery-bottom-right\"><\/div><a href=\"http:\/\/www.cemagrup.com.tr\/wp-content\/uploads\/2020\/03\/30x30-Led-Panel-S\u0131va\u00fcst\u00fc.png\" class=\"envira-gallery-511 envira-gallery-link\" rel=\"enviragallery511\" title=\"30x30-led-panel-sivaustu\" data-envira-caption=\"30x30-led-panel-sivaustu\" data-envira-retina=\"\" data-thumbnail=\"\"  itemprop=\"contentUrl\"><img decoding=\"async\" id=\"envira-gallery-image-437\" class=\"envira-gallery-image envira-gallery-image-7 envira-normal envira-lazy\" data-envira-index=\"7\" src=\"https:\/\/www.cemagrup.com.tr\/wp-content\/uploads\/2020\/02\/30x30-led-panel-sivaustu-640x480.jpg\" data-envira-src=\"https:\/\/www.cemagrup.com.tr\/wp-content\/uploads\/2020\/02\/30x30-led-panel-sivaustu-640x480.jpg\" data-envira-gallery-id=\"511\" data-envira-item-id=\"437\" data-envira-caption=\"30x30-led-panel-sivaustu\" alt=\"\" title=\"30x30-led-panel-sivaustu\"  itemprop=\"thumbnailUrl\" data-envira-srcset=\"https:\/\/www.cemagrup.com.tr\/wp-content\/uploads\/2020\/02\/30x30-led-panel-sivaustu-640x480.jpg 400w,https:\/\/www.cemagrup.com.tr\/wp-content\/uploads\/2020\/02\/30x30-led-panel-sivaustu-640x480.jpg 2x\" data-envira-width=\"300\" data-envira-height=\"300\" srcset=\"data:image\/gif;base64,R0lGODlhAQABAIAAAP\/\/\/\/\/\/\/yH5BAEKAAEALAAAAAABAAEAAAICTAEAOw==\" data-safe-src=\"data:image\/gif;base64,R0lGODlhAQABAIAAAP\/\/\/\/\/\/\/yH5BAEKAAEALAAAAAABAAEAAAICTAEAOw==\" \/><\/a><\/div><\/div><div id=\"envira-gallery-item-438\" class=\"envira-gallery-item enviratope-item envira-gallery-item-8 envira-lazy-load\" style=\"padding-left: 1px; padding-bottom: 1px; padding-right: 1px;\"  itemscope itemtype=\"https:\/\/schema.org\/ImageObject\"><div class=\"envira-gallery-item-inner\"><div class=\"envira-gallery-position-overlay  envira-gallery-top-left\"><\/div><div class=\"envira-gallery-position-overlay  envira-gallery-top-right\"><\/div><div class=\"envira-gallery-position-overlay  envira-gallery-bottom-left\"><\/div><div class=\"envira-gallery-position-overlay  envira-gallery-bottom-right\"><\/div><a href=\"http:\/\/www.cemagrup.com.tr\/wp-content\/uploads\/2020\/03\/30x30-Led-Panel-Ta\u015f-Y\u00fcn\u00fc-Tavan.png\" class=\"envira-gallery-511 envira-gallery-link\" rel=\"enviragallery511\" title=\"30x30-led-panel-tas-yunu-tavan\" data-envira-caption=\"30x30-led-panel-tas-yunu-tavan\" data-envira-retina=\"\" data-thumbnail=\"\"  itemprop=\"contentUrl\"><img decoding=\"async\" id=\"envira-gallery-image-438\" class=\"envira-gallery-image envira-gallery-image-8 envira-normal envira-lazy\" data-envira-index=\"8\" src=\"https:\/\/www.cemagrup.com.tr\/wp-content\/uploads\/2020\/02\/30x30-led-panel-tas-yunu-tavan-640x480.jpg\" data-envira-src=\"https:\/\/www.cemagrup.com.tr\/wp-content\/uploads\/2020\/02\/30x30-led-panel-tas-yunu-tavan-640x480.jpg\" data-envira-gallery-id=\"511\" data-envira-item-id=\"438\" data-envira-caption=\"30x30-led-panel-tas-yunu-tavan\" alt=\"\" title=\"30x30-led-panel-tas-yunu-tavan\"  itemprop=\"thumbnailUrl\" data-envira-srcset=\"https:\/\/www.cemagrup.com.tr\/wp-content\/uploads\/2020\/02\/30x30-led-panel-tas-yunu-tavan-640x480.jpg 400w,https:\/\/www.cemagrup.com.tr\/wp-content\/uploads\/2020\/02\/30x30-led-panel-tas-yunu-tavan-640x480.jpg 2x\" data-envira-width=\"300\" data-envira-height=\"300\" srcset=\"data:image\/gif;base64,R0lGODlhAQABAIAAAP\/\/\/\/\/\/\/yH5BAEKAAEALAAAAAABAAEAAAICTAEAOw==\" data-safe-src=\"data:image\/gif;base64,R0lGODlhAQABAIAAAP\/\/\/\/\/\/\/yH5BAEKAAEALAAAAAABAAEAAAICTAEAOw==\" \/><\/a><\/div><\/div><div id=\"envira-gallery-item-445\" class=\"envira-gallery-item enviratope-item envira-gallery-item-9 envira-lazy-load\" style=\"padding-left: 1px; padding-bottom: 1px; padding-right: 1px;\"  itemscope itemtype=\"https:\/\/schema.org\/ImageObject\"><div class=\"envira-gallery-item-inner\"><div class=\"envira-gallery-position-overlay  envira-gallery-top-left\"><\/div><div class=\"envira-gallery-position-overlay  envira-gallery-top-right\"><\/div><div class=\"envira-gallery-position-overlay  envira-gallery-bottom-left\"><\/div><div class=\"envira-gallery-position-overlay  envira-gallery-bottom-right\"><\/div><a href=\"http:\/\/www.cemagrup.com.tr\/wp-content\/uploads\/2020\/03\/Y\u00fcksek-Tavan-120-W.png\" class=\"envira-gallery-511 envira-gallery-link\" rel=\"enviragallery511\" title=\"yuksek-tavan-120-w\" data-envira-caption=\"yuksek-tavan-120-w\" data-envira-retina=\"\" data-thumbnail=\"\"  itemprop=\"contentUrl\"><img decoding=\"async\" id=\"envira-gallery-image-445\" class=\"envira-gallery-image envira-gallery-image-9 envira-normal envira-lazy\" data-envira-index=\"9\" src=\"https:\/\/www.cemagrup.com.tr\/wp-content\/uploads\/2020\/02\/yuksek-tavan-120-w-640x480.jpg\" data-envira-src=\"https:\/\/www.cemagrup.com.tr\/wp-content\/uploads\/2020\/02\/yuksek-tavan-120-w-640x480.jpg\" data-envira-gallery-id=\"511\" data-envira-item-id=\"445\" data-envira-caption=\"yuksek-tavan-120-w\" alt=\"\" title=\"yuksek-tavan-120-w\"  itemprop=\"thumbnailUrl\" data-envira-srcset=\"https:\/\/www.cemagrup.com.tr\/wp-content\/uploads\/2020\/02\/yuksek-tavan-120-w-640x480.jpg 400w,https:\/\/www.cemagrup.com.tr\/wp-content\/uploads\/2020\/02\/yuksek-tavan-120-w-640x480.jpg 2x\" data-envira-width=\"300\" data-envira-height=\"300\" srcset=\"data:image\/gif;base64,R0lGODlhAQABAIAAAP\/\/\/\/\/\/\/yH5BAEKAAEALAAAAAABAAEAAAICTAEAOw==\" data-safe-src=\"data:image\/gif;base64,R0lGODlhAQABAIAAAP\/\/\/\/\/\/\/yH5BAEKAAEALAAAAAABAAEAAAICTAEAOw==\" \/><\/a><\/div><\/div><div id=\"envira-gallery-item-444\" class=\"envira-gallery-item enviratope-item envira-gallery-item-10 envira-lazy-load\" style=\"padding-left: 1px; padding-bottom: 1px; padding-right: 1px;\"  itemscope itemtype=\"https:\/\/schema.org\/ImageObject\"><div class=\"envira-gallery-item-inner\"><div class=\"envira-gallery-position-overlay  envira-gallery-top-left\"><\/div><div class=\"envira-gallery-position-overlay  envira-gallery-top-right\"><\/div><div class=\"envira-gallery-position-overlay  envira-gallery-bottom-left\"><\/div><div class=\"envira-gallery-position-overlay  envira-gallery-bottom-right\"><\/div><a href=\"http:\/\/www.cemagrup.com.tr\/wp-content\/uploads\/2020\/03\/Y\u00fcksek-Tavan-60-W.png\" class=\"envira-gallery-511 envira-gallery-link\" rel=\"enviragallery511\" title=\"yuksek-tavan-60-w\" data-envira-caption=\"yuksek-tavan-60-w\" data-envira-retina=\"\" data-thumbnail=\"\"  itemprop=\"contentUrl\"><img decoding=\"async\" id=\"envira-gallery-image-444\" class=\"envira-gallery-image envira-gallery-image-10 envira-normal envira-lazy\" data-envira-index=\"10\" src=\"https:\/\/www.cemagrup.com.tr\/wp-content\/uploads\/2020\/02\/yuksek-tavan-60-w-640x480.jpg\" data-envira-src=\"https:\/\/www.cemagrup.com.tr\/wp-content\/uploads\/2020\/02\/yuksek-tavan-60-w-640x480.jpg\" data-envira-gallery-id=\"511\" data-envira-item-id=\"444\" data-envira-caption=\"yuksek-tavan-60-w\" alt=\"\" title=\"yuksek-tavan-60-w\"  itemprop=\"thumbnailUrl\" data-envira-srcset=\"https:\/\/www.cemagrup.com.tr\/wp-content\/uploads\/2020\/02\/yuksek-tavan-60-w-640x480.jpg 400w,https:\/\/www.cemagrup.com.tr\/wp-content\/uploads\/2020\/02\/yuksek-tavan-60-w-640x480.jpg 2x\" data-envira-width=\"300\" data-envira-height=\"300\" srcset=\"data:image\/gif;base64,R0lGODlhAQABAIAAAP\/\/\/\/\/\/\/yH5BAEKAAEALAAAAAABAAEAAAICTAEAOw==\" data-safe-src=\"data:image\/gif;base64,R0lGODlhAQABAIAAAP\/\/\/\/\/\/\/yH5BAEKAAEALAAAAAABAAEAAAICTAEAOw==\" \/><\/a><\/div><\/div><\/div><\/div><noscript><img decoding=\"async\" src=\"https:\/\/www.cemagrup.com.tr\/wp-content\/uploads\/2020\/02\/60x30-led-panel-tas-yunu-tavan.jpg\" alt=\"\" \/><img decoding=\"async\" src=\"https:\/\/www.cemagrup.com.tr\/wp-content\/uploads\/2020\/02\/60x60-led-panel-tas-yunu-tavan.jpg\" alt=\"\" \/><img decoding=\"async\" src=\"https:\/\/www.cemagrup.com.tr\/wp-content\/uploads\/2020\/02\/60x60-led-panel-sivaustu.jpg\" alt=\"\" \/><img decoding=\"async\" src=\"https:\/\/www.cemagrup.com.tr\/wp-content\/uploads\/2020\/02\/60x30-led-panel-sivaustu.jpg\" alt=\"\" \/><img decoding=\"async\" src=\"https:\/\/www.cemagrup.com.tr\/wp-content\/uploads\/2020\/02\/60-60-desenli-led-panel-sivaustu.jpg\" alt=\"\" \/><img decoding=\"async\" src=\"https:\/\/www.cemagrup.com.tr\/wp-content\/uploads\/2020\/02\/30-120-led-panel-sivaustu.jpg\" alt=\"\" \/><img decoding=\"async\" src=\"https:\/\/www.cemagrup.com.tr\/wp-content\/uploads\/2020\/02\/30x30-led-panel-sivaustu.jpg\" alt=\"\" \/><img decoding=\"async\" src=\"https:\/\/www.cemagrup.com.tr\/wp-content\/uploads\/2020\/02\/30x30-led-panel-tas-yunu-tavan.jpg\" alt=\"\" \/><img decoding=\"async\" src=\"https:\/\/www.cemagrup.com.tr\/wp-content\/uploads\/2020\/02\/yuksek-tavan-120-w.jpg\" alt=\"\" \/><img decoding=\"async\" src=\"https:\/\/www.cemagrup.com.tr\/wp-content\/uploads\/2020\/02\/yuksek-tavan-60-w.jpg\" alt=\"\" \/><\/noscript><\/div>\n\n\n\n<p><\/p>\n","protected":false},"excerpt":{"rendered":"","protected":false},"author":1,"featured_media":0,"parent":0,"menu_order":0,"comment_status":"closed","ping_status":"closed","template":"","meta":{"pagelayer_contact_templates":[],"_pagelayer_content":"","inline_featured_image":false,"footnotes":""},"class_list":["post-650","page","type-page","status-publish","hentry"],"_links":{"self":[{"href":"https:\/\/www.cemagrup.com.tr\/index.php?rest_route=\/wp\/v2\/pages\/650","targetHints":{"allow":["GET"]}}],"collection":[{"href":"https:\/\/www.cemagrup.com.tr\/index.php?rest_route=\/wp\/v2\/pages"}],"about":[{"href":"https:\/\/www.cemagrup.com.tr\/index.php?rest_route=\/wp\/v2\/types\/page"}],"author":[{"embeddable":true,"href":"https:\/\/www.cemagrup.com.tr\/index.php?rest_route=\/wp\/v2\/users\/1"}],"replies":[{"embeddable":true,"href":"https:\/\/www.cemagrup.com.tr\/index.php?rest_route=%2Fwp%2Fv2%2Fcomments&post=650"}],"version-history":[{"count":3,"href":"https:\/\/www.cemagrup.com.tr\/index.php?rest_route=\/wp\/v2\/pages\/650\/revisions"}],"predecessor-version":[{"id":994,"href":"https:\/\/www.cemagrup.com.tr\/index.php?rest_route=\/wp\/v2\/pages\/650\/revisions\/994"}],"wp:attachment":[{"href":"https:\/\/www.cemagrup.com.tr\/index.php?rest_route=%2Fwp%2Fv2%2Fmedia&parent=650"}],"curies":[{"name":"wp","href":"https:\/\/api.w.org\/{rel}","templated":true}]}}