{"id":656,"date":"2020-03-09T21:17:44","date_gmt":"2020-03-09T21:17:44","guid":{"rendered":"http:\/\/www.cemagrup.com.tr\/?page_id=656"},"modified":"2020-03-09T21:17:44","modified_gmt":"2020-03-09T21:17:44","slug":"dis-mekan-aydinlatma-urunleri","status":"publish","type":"page","link":"https:\/\/www.cemagrup.com.tr\/?page_id=656","title":{"rendered":"D\u0131\u015f Mekan Ayd\u0131nlatma \u00dcr\u00fcnleri"},"content":{"rendered":"\n<div class=\"wp-block-envira-envira-gallery\"><div id=\"envira-gallery-wrap-555\" class=\"envira-gallery-wrap envira-gallery-theme-base envira-lightbox-theme-base\" itemscope itemtype=\"https:\/\/schema.org\/ImageGallery\"><div data-row-height=\"100\" data-gallery-theme=\"normal\" id=\"envira-gallery-555\" class=\"envira-gallery-public envira-gallery-justified-public envira-gallery-0-columns envira-clear enviratope envira-gallery-css-animations\" data-envira-columns=\"0\"><div id=\"envira-gallery-item-432\" class=\"envira-gallery-item enviratope-item envira-gallery-item-1 envira-lazy-load\" style=\"padding-left: 1px; padding-bottom: 1px; padding-right: 1px;\"  itemscope itemtype=\"https:\/\/schema.org\/ImageObject\"><div class=\"envira-gallery-item-inner\"><div class=\"envira-gallery-position-overlay  envira-gallery-top-left\"><\/div><div class=\"envira-gallery-position-overlay  envira-gallery-top-right\"><\/div><div class=\"envira-gallery-position-overlay  envira-gallery-bottom-left\"><\/div><div class=\"envira-gallery-position-overlay  envira-gallery-bottom-right\"><\/div><a href=\"http:\/\/www.cemagrup.com.tr\/wp-content\/uploads\/2020\/03\/150-180-200-220-300-Watt-Kare-LED-Projekt\u00f6r.png\" class=\"envira-gallery-555 envira-gallery-link\" rel=\"enviragallery555\" title=\"kare-projektor\" data-envira-caption=\"kare-projektor\" data-envira-retina=\"\" data-thumbnail=\"\"  itemprop=\"contentUrl\"><img decoding=\"async\" id=\"envira-gallery-image-432\" class=\"envira-gallery-image envira-gallery-image-1 envira-normal envira-lazy\" data-envira-index=\"1\" src=\"https:\/\/www.cemagrup.com.tr\/wp-content\/uploads\/2020\/02\/kare-projektor-640x480.jpg\" data-envira-src=\"https:\/\/www.cemagrup.com.tr\/wp-content\/uploads\/2020\/02\/kare-projektor-640x480.jpg\" data-envira-gallery-id=\"555\" data-envira-item-id=\"432\" data-envira-caption=\"kare-projektor\" alt=\"\" title=\"kare-projektor\"  itemprop=\"thumbnailUrl\" data-envira-srcset=\"https:\/\/www.cemagrup.com.tr\/wp-content\/uploads\/2020\/02\/kare-projektor-640x480.jpg 400w,https:\/\/www.cemagrup.com.tr\/wp-content\/uploads\/2020\/02\/kare-projektor-640x480.jpg 2x\" data-envira-width=\"300\" data-envira-height=\"300\" srcset=\"data:image\/gif;base64,R0lGODlhAQABAIAAAP\/\/\/\/\/\/\/yH5BAEKAAEALAAAAAABAAEAAAICTAEAOw==\" data-safe-src=\"data:image\/gif;base64,R0lGODlhAQABAIAAAP\/\/\/\/\/\/\/yH5BAEKAAEALAAAAAABAAEAAAICTAEAOw==\" \/><\/a><\/div><\/div><div id=\"envira-gallery-item-431\" class=\"envira-gallery-item enviratope-item envira-gallery-item-2 envira-lazy-load\" style=\"padding-left: 1px; padding-bottom: 1px; padding-right: 1px;\"  itemscope itemtype=\"https:\/\/schema.org\/ImageObject\"><div class=\"envira-gallery-item-inner\"><div class=\"envira-gallery-position-overlay  envira-gallery-top-left\"><\/div><div class=\"envira-gallery-position-overlay  envira-gallery-top-right\"><\/div><div class=\"envira-gallery-position-overlay  envira-gallery-bottom-left\"><\/div><div class=\"envira-gallery-position-overlay  envira-gallery-bottom-right\"><\/div><a href=\"http:\/\/www.cemagrup.com.tr\/wp-content\/uploads\/2020\/03\/LED-Projekt\u00f6r.png\" class=\"envira-gallery-555 envira-gallery-link\" rel=\"enviragallery555\" title=\"igneli-duy-1\" data-envira-caption=\"igneli-duy-1\" data-envira-retina=\"\" data-thumbnail=\"\"  itemprop=\"contentUrl\"><img decoding=\"async\" id=\"envira-gallery-image-431\" class=\"envira-gallery-image envira-gallery-image-2 envira-normal envira-lazy\" data-envira-index=\"2\" src=\"https:\/\/www.cemagrup.com.tr\/wp-content\/uploads\/2020\/02\/igneli-duy-1-640x480.jpg\" data-envira-src=\"https:\/\/www.cemagrup.com.tr\/wp-content\/uploads\/2020\/02\/igneli-duy-1-640x480.jpg\" data-envira-gallery-id=\"555\" data-envira-item-id=\"431\" data-envira-caption=\"igneli-duy-1\" alt=\"\" title=\"igneli-duy-1\"  itemprop=\"thumbnailUrl\" data-envira-srcset=\"https:\/\/www.cemagrup.com.tr\/wp-content\/uploads\/2020\/02\/igneli-duy-1-640x480.jpg 400w,https:\/\/www.cemagrup.com.tr\/wp-content\/uploads\/2020\/02\/igneli-duy-1-640x480.jpg 2x\" data-envira-width=\"300\" data-envira-height=\"300\" srcset=\"data:image\/gif;base64,R0lGODlhAQABAIAAAP\/\/\/\/\/\/\/yH5BAEKAAEALAAAAAABAAEAAAICTAEAOw==\" data-safe-src=\"data:image\/gif;base64,R0lGODlhAQABAIAAAP\/\/\/\/\/\/\/yH5BAEKAAEALAAAAAABAAEAAAICTAEAOw==\" \/><\/a><\/div><\/div><div id=\"envira-gallery-item-430\" class=\"envira-gallery-item enviratope-item envira-gallery-item-3 envira-lazy-load\" style=\"padding-left: 1px; padding-bottom: 1px; padding-right: 1px;\"  itemscope itemtype=\"https:\/\/schema.org\/ImageObject\"><div class=\"envira-gallery-item-inner\"><div class=\"envira-gallery-position-overlay  envira-gallery-top-left\"><\/div><div class=\"envira-gallery-position-overlay  envira-gallery-top-right\"><\/div><div class=\"envira-gallery-position-overlay  envira-gallery-bottom-left\"><\/div><div class=\"envira-gallery-position-overlay  envira-gallery-bottom-right\"><\/div><a href=\"http:\/\/www.cemagrup.com.tr\/wp-content\/uploads\/2020\/03\/LED-Wallwasher-100-cm.png\" class=\"envira-gallery-555 envira-gallery-link\" rel=\"enviragallery555\" title=\"100cm-1\" data-envira-caption=\"100cm-1\" data-envira-retina=\"\" data-thumbnail=\"\"  itemprop=\"contentUrl\"><img decoding=\"async\" id=\"envira-gallery-image-430\" class=\"envira-gallery-image envira-gallery-image-3 envira-normal envira-lazy\" data-envira-index=\"3\" src=\"https:\/\/www.cemagrup.com.tr\/wp-content\/uploads\/2020\/02\/100cm-1-640x480.jpg\" data-envira-src=\"https:\/\/www.cemagrup.com.tr\/wp-content\/uploads\/2020\/02\/100cm-1-640x480.jpg\" data-envira-gallery-id=\"555\" data-envira-item-id=\"430\" data-envira-caption=\"100cm-1\" alt=\"\" title=\"100cm-1\"  itemprop=\"thumbnailUrl\" data-envira-srcset=\"https:\/\/www.cemagrup.com.tr\/wp-content\/uploads\/2020\/02\/100cm-1-640x480.jpg 400w,https:\/\/www.cemagrup.com.tr\/wp-content\/uploads\/2020\/02\/100cm-1-640x480.jpg 2x\" data-envira-width=\"300\" data-envira-height=\"300\" srcset=\"data:image\/gif;base64,R0lGODlhAQABAIAAAP\/\/\/\/\/\/\/yH5BAEKAAEALAAAAAABAAEAAAICTAEAOw==\" data-safe-src=\"data:image\/gif;base64,R0lGODlhAQABAIAAAP\/\/\/\/\/\/\/yH5BAEKAAEALAAAAAABAAEAAAICTAEAOw==\" \/><\/a><\/div><\/div><div id=\"envira-gallery-item-429\" class=\"envira-gallery-item enviratope-item envira-gallery-item-4 envira-lazy-load\" style=\"padding-left: 1px; padding-bottom: 1px; padding-right: 1px;\"  itemscope itemtype=\"https:\/\/schema.org\/ImageObject\"><div class=\"envira-gallery-item-inner\"><div class=\"envira-gallery-position-overlay  envira-gallery-top-left\"><\/div><div class=\"envira-gallery-position-overlay  envira-gallery-top-right\"><\/div><div class=\"envira-gallery-position-overlay  envira-gallery-bottom-left\"><\/div><div class=\"envira-gallery-position-overlay  envira-gallery-bottom-right\"><\/div><a href=\"http:\/\/www.cemagrup.com.tr\/wp-content\/uploads\/2020\/03\/LED-Wallwasher-75-cm.png\" class=\"envira-gallery-555 envira-gallery-link\" rel=\"enviragallery555\" title=\"75cm-1\" data-envira-caption=\"75cm-1\" data-envira-retina=\"\" data-thumbnail=\"\"  itemprop=\"contentUrl\"><img decoding=\"async\" id=\"envira-gallery-image-429\" class=\"envira-gallery-image envira-gallery-image-4 envira-normal envira-lazy\" data-envira-index=\"4\" src=\"https:\/\/www.cemagrup.com.tr\/wp-content\/uploads\/2020\/02\/75cm-1-640x480.jpg\" data-envira-src=\"https:\/\/www.cemagrup.com.tr\/wp-content\/uploads\/2020\/02\/75cm-1-640x480.jpg\" data-envira-gallery-id=\"555\" data-envira-item-id=\"429\" data-envira-caption=\"75cm-1\" alt=\"\" title=\"75cm-1\"  itemprop=\"thumbnailUrl\" data-envira-srcset=\"https:\/\/www.cemagrup.com.tr\/wp-content\/uploads\/2020\/02\/75cm-1-640x480.jpg 400w,https:\/\/www.cemagrup.com.tr\/wp-content\/uploads\/2020\/02\/75cm-1-640x480.jpg 2x\" data-envira-width=\"300\" data-envira-height=\"300\" srcset=\"data:image\/gif;base64,R0lGODlhAQABAIAAAP\/\/\/\/\/\/\/yH5BAEKAAEALAAAAAABAAEAAAICTAEAOw==\" data-safe-src=\"data:image\/gif;base64,R0lGODlhAQABAIAAAP\/\/\/\/\/\/\/yH5BAEKAAEALAAAAAABAAEAAAICTAEAOw==\" \/><\/a><\/div><\/div><div id=\"envira-gallery-item-428\" class=\"envira-gallery-item enviratope-item envira-gallery-item-5 envira-lazy-load\" style=\"padding-left: 1px; padding-bottom: 1px; padding-right: 1px;\"  itemscope itemtype=\"https:\/\/schema.org\/ImageObject\"><div class=\"envira-gallery-item-inner\"><div class=\"envira-gallery-position-overlay  envira-gallery-top-left\"><\/div><div class=\"envira-gallery-position-overlay  envira-gallery-top-right\"><\/div><div class=\"envira-gallery-position-overlay  envira-gallery-bottom-left\"><\/div><div class=\"envira-gallery-position-overlay  envira-gallery-bottom-right\"><\/div><a href=\"http:\/\/www.cemagrup.com.tr\/wp-content\/uploads\/2020\/03\/LED-Wallwasher-50-cm.png\" class=\"envira-gallery-555 envira-gallery-link\" rel=\"enviragallery555\" title=\"50cm-1\" data-envira-caption=\"50cm-1\" data-envira-retina=\"\" data-thumbnail=\"\"  itemprop=\"contentUrl\"><img decoding=\"async\" id=\"envira-gallery-image-428\" class=\"envira-gallery-image envira-gallery-image-5 envira-normal envira-lazy\" data-envira-index=\"5\" src=\"https:\/\/www.cemagrup.com.tr\/wp-content\/uploads\/2020\/02\/50cm-1-640x480.jpg\" data-envira-src=\"https:\/\/www.cemagrup.com.tr\/wp-content\/uploads\/2020\/02\/50cm-1-640x480.jpg\" data-envira-gallery-id=\"555\" data-envira-item-id=\"428\" data-envira-caption=\"50cm-1\" alt=\"\" title=\"50cm-1\"  itemprop=\"thumbnailUrl\" data-envira-srcset=\"https:\/\/www.cemagrup.com.tr\/wp-content\/uploads\/2020\/02\/50cm-1-640x480.jpg 400w,https:\/\/www.cemagrup.com.tr\/wp-content\/uploads\/2020\/02\/50cm-1-640x480.jpg 2x\" data-envira-width=\"300\" data-envira-height=\"300\" srcset=\"data:image\/gif;base64,R0lGODlhAQABAIAAAP\/\/\/\/\/\/\/yH5BAEKAAEALAAAAAABAAEAAAICTAEAOw==\" data-safe-src=\"data:image\/gif;base64,R0lGODlhAQABAIAAAP\/\/\/\/\/\/\/yH5BAEKAAEALAAAAAABAAEAAAICTAEAOw==\" \/><\/a><\/div><\/div><div id=\"envira-gallery-item-427\" class=\"envira-gallery-item enviratope-item envira-gallery-item-6 envira-lazy-load\" style=\"padding-left: 1px; padding-bottom: 1px; padding-right: 1px;\"  itemscope itemtype=\"https:\/\/schema.org\/ImageObject\"><div class=\"envira-gallery-item-inner\"><div class=\"envira-gallery-position-overlay  envira-gallery-top-left\"><\/div><div class=\"envira-gallery-position-overlay  envira-gallery-top-right\"><\/div><div class=\"envira-gallery-position-overlay  envira-gallery-bottom-left\"><\/div><div class=\"envira-gallery-position-overlay  envira-gallery-bottom-right\"><\/div><a href=\"http:\/\/www.cemagrup.com.tr\/wp-content\/uploads\/2020\/03\/LED-Wallwasher-25-cm.png\" class=\"envira-gallery-555 envira-gallery-link\" rel=\"enviragallery555\" title=\"25cm-1\" data-envira-caption=\"25cm-1\" data-envira-retina=\"\" data-thumbnail=\"\"  itemprop=\"contentUrl\"><img decoding=\"async\" id=\"envira-gallery-image-427\" class=\"envira-gallery-image envira-gallery-image-6 envira-normal envira-lazy\" data-envira-index=\"6\" src=\"https:\/\/www.cemagrup.com.tr\/wp-content\/uploads\/2020\/02\/25cm-1-640x480.jpg\" data-envira-src=\"https:\/\/www.cemagrup.com.tr\/wp-content\/uploads\/2020\/02\/25cm-1-640x480.jpg\" data-envira-gallery-id=\"555\" data-envira-item-id=\"427\" data-envira-caption=\"25cm-1\" alt=\"\" title=\"25cm-1\"  itemprop=\"thumbnailUrl\" data-envira-srcset=\"https:\/\/www.cemagrup.com.tr\/wp-content\/uploads\/2020\/02\/25cm-1-640x480.jpg 400w,https:\/\/www.cemagrup.com.tr\/wp-content\/uploads\/2020\/02\/25cm-1-640x480.jpg 2x\" data-envira-width=\"300\" data-envira-height=\"300\" srcset=\"data:image\/gif;base64,R0lGODlhAQABAIAAAP\/\/\/\/\/\/\/yH5BAEKAAEALAAAAAABAAEAAAICTAEAOw==\" data-safe-src=\"data:image\/gif;base64,R0lGODlhAQABAIAAAP\/\/\/\/\/\/\/yH5BAEKAAEALAAAAAABAAEAAAICTAEAOw==\" \/><\/a><\/div><\/div><div id=\"envira-gallery-item-434\" class=\"envira-gallery-item enviratope-item envira-gallery-item-7 envira-lazy-load\" style=\"padding-left: 1px; padding-bottom: 1px; padding-right: 1px;\"  itemscope itemtype=\"https:\/\/schema.org\/ImageObject\"><div class=\"envira-gallery-item-inner\"><div class=\"envira-gallery-position-overlay  envira-gallery-top-left\"><\/div><div class=\"envira-gallery-position-overlay  envira-gallery-top-right\"><\/div><div class=\"envira-gallery-position-overlay  envira-gallery-bottom-left\"><\/div><div class=\"envira-gallery-position-overlay  envira-gallery-bottom-right\"><\/div><a href=\"http:\/\/www.cemagrup.com.tr\/wp-content\/uploads\/2020\/03\/Sokak-Lambas\u0131-\u2013-Yol-Tipi-Armat\u00fcr-60-90-120-140-Watt.png\" class=\"envira-gallery-555 envira-gallery-link\" rel=\"enviragallery555\" title=\"sokak-lambasi\" data-envira-caption=\"sokak-lambasi\" data-envira-retina=\"\" data-thumbnail=\"\"  itemprop=\"contentUrl\"><img decoding=\"async\" id=\"envira-gallery-image-434\" class=\"envira-gallery-image envira-gallery-image-7 envira-normal envira-lazy\" data-envira-index=\"7\" src=\"https:\/\/www.cemagrup.com.tr\/wp-content\/uploads\/2020\/02\/sokak-lambasi-640x480.jpg\" data-envira-src=\"https:\/\/www.cemagrup.com.tr\/wp-content\/uploads\/2020\/02\/sokak-lambasi-640x480.jpg\" data-envira-gallery-id=\"555\" data-envira-item-id=\"434\" data-envira-caption=\"sokak-lambasi\" alt=\"\" title=\"sokak-lambasi\"  itemprop=\"thumbnailUrl\" data-envira-srcset=\"https:\/\/www.cemagrup.com.tr\/wp-content\/uploads\/2020\/02\/sokak-lambasi-640x480.jpg 400w,https:\/\/www.cemagrup.com.tr\/wp-content\/uploads\/2020\/02\/sokak-lambasi-640x480.jpg 2x\" data-envira-width=\"300\" data-envira-height=\"300\" srcset=\"data:image\/gif;base64,R0lGODlhAQABAIAAAP\/\/\/\/\/\/\/yH5BAEKAAEALAAAAAABAAEAAAICTAEAOw==\" data-safe-src=\"data:image\/gif;base64,R0lGODlhAQABAIAAAP\/\/\/\/\/\/\/yH5BAEKAAEALAAAAAABAAEAAAICTAEAOw==\" \/><\/a><\/div><\/div><div id=\"envira-gallery-item-433\" class=\"envira-gallery-item enviratope-item envira-gallery-item-8 envira-lazy-load\" style=\"padding-left: 1px; padding-bottom: 1px; padding-right: 1px;\"  itemscope itemtype=\"https:\/\/schema.org\/ImageObject\"><div class=\"envira-gallery-item-inner\"><div class=\"envira-gallery-position-overlay  envira-gallery-top-left\"><\/div><div class=\"envira-gallery-position-overlay  envira-gallery-top-right\"><\/div><div class=\"envira-gallery-position-overlay  envira-gallery-bottom-left\"><\/div><div class=\"envira-gallery-position-overlay  envira-gallery-bottom-right\"><\/div><a href=\"http:\/\/www.cemagrup.com.tr\/wp-content\/uploads\/2020\/03\/LED-Kanopi.png\" class=\"envira-gallery-555 envira-gallery-link\" rel=\"enviragallery555\" title=\"led-kanopi\" data-envira-caption=\"led-kanopi\" data-envira-retina=\"\" data-thumbnail=\"\"  itemprop=\"contentUrl\"><img decoding=\"async\" id=\"envira-gallery-image-433\" class=\"envira-gallery-image envira-gallery-image-8 envira-normal envira-lazy\" data-envira-index=\"8\" src=\"https:\/\/www.cemagrup.com.tr\/wp-content\/uploads\/2020\/02\/led-kanopi-640x480.jpg\" data-envira-src=\"https:\/\/www.cemagrup.com.tr\/wp-content\/uploads\/2020\/02\/led-kanopi-640x480.jpg\" data-envira-gallery-id=\"555\" data-envira-item-id=\"433\" data-envira-caption=\"led-kanopi\" alt=\"\" title=\"led-kanopi\"  itemprop=\"thumbnailUrl\" data-envira-srcset=\"https:\/\/www.cemagrup.com.tr\/wp-content\/uploads\/2020\/02\/led-kanopi-640x480.jpg 400w,https:\/\/www.cemagrup.com.tr\/wp-content\/uploads\/2020\/02\/led-kanopi-640x480.jpg 2x\" data-envira-width=\"300\" data-envira-height=\"300\" srcset=\"data:image\/gif;base64,R0lGODlhAQABAIAAAP\/\/\/\/\/\/\/yH5BAEKAAEALAAAAAABAAEAAAICTAEAOw==\" data-safe-src=\"data:image\/gif;base64,R0lGODlhAQABAIAAAP\/\/\/\/\/\/\/yH5BAEKAAEALAAAAAABAAEAAAICTAEAOw==\" \/><\/a><\/div><\/div><\/div><\/div><noscript><img decoding=\"async\" src=\"https:\/\/www.cemagrup.com.tr\/wp-content\/uploads\/2020\/02\/kare-projektor.jpg\" alt=\"\" \/><img decoding=\"async\" src=\"https:\/\/www.cemagrup.com.tr\/wp-content\/uploads\/2020\/02\/igneli-duy-1.jpg\" alt=\"\" \/><img decoding=\"async\" src=\"https:\/\/www.cemagrup.com.tr\/wp-content\/uploads\/2020\/02\/100cm-1.jpg\" alt=\"\" \/><img decoding=\"async\" src=\"https:\/\/www.cemagrup.com.tr\/wp-content\/uploads\/2020\/02\/75cm-1.jpg\" alt=\"\" \/><img decoding=\"async\" src=\"https:\/\/www.cemagrup.com.tr\/wp-content\/uploads\/2020\/02\/50cm-1.jpg\" alt=\"\" \/><img decoding=\"async\" src=\"https:\/\/www.cemagrup.com.tr\/wp-content\/uploads\/2020\/02\/25cm-1.jpg\" alt=\"\" \/><img decoding=\"async\" src=\"https:\/\/www.cemagrup.com.tr\/wp-content\/uploads\/2020\/02\/sokak-lambasi.jpg\" alt=\"\" \/><img decoding=\"async\" src=\"https:\/\/www.cemagrup.com.tr\/wp-content\/uploads\/2020\/02\/led-kanopi.jpg\" alt=\"\" \/><\/noscript><\/div>\n","protected":false},"excerpt":{"rendered":"","protected":false},"author":1,"featured_media":0,"parent":0,"menu_order":0,"comment_status":"closed","ping_status":"closed","template":"","meta":{"pagelayer_contact_templates":[],"_pagelayer_content":"","inline_featured_image":false,"footnotes":""},"class_list":["post-656","page","type-page","status-publish","hentry"],"_links":{"self":[{"href":"https:\/\/www.cemagrup.com.tr\/index.php?rest_route=\/wp\/v2\/pages\/656","targetHints":{"allow":["GET"]}}],"collection":[{"href":"https:\/\/www.cemagrup.com.tr\/index.php?rest_route=\/wp\/v2\/pages"}],"about":[{"href":"https:\/\/www.cemagrup.com.tr\/index.php?rest_route=\/wp\/v2\/types\/page"}],"author":[{"embeddable":true,"href":"https:\/\/www.cemagrup.com.tr\/index.php?rest_route=\/wp\/v2\/users\/1"}],"replies":[{"embeddable":true,"href":"https:\/\/www.cemagrup.com.tr\/index.php?rest_route=%2Fwp%2Fv2%2Fcomments&post=656"}],"version-history":[{"count":2,"href":"https:\/\/www.cemagrup.com.tr\/index.php?rest_route=\/wp\/v2\/pages\/656\/revisions"}],"predecessor-version":[{"id":995,"href":"https:\/\/www.cemagrup.com.tr\/index.php?rest_route=\/wp\/v2\/pages\/656\/revisions\/995"}],"wp:attachment":[{"href":"https:\/\/www.cemagrup.com.tr\/index.php?rest_route=%2Fwp%2Fv2%2Fmedia&parent=656"}],"curies":[{"name":"wp","href":"https:\/\/api.w.org\/{rel}","templated":true}]}}