{"id":664,"date":"2020-03-09T21:20:41","date_gmt":"2020-03-09T21:20:41","guid":{"rendered":"http:\/\/www.cemagrup.com.tr\/?page_id=664"},"modified":"2022-05-31T13:51:42","modified_gmt":"2022-05-31T13:51:42","slug":"urun-videolari","status":"publish","type":"page","link":"https:\/\/www.cemagrup.com.tr\/?page_id=664","title":{"rendered":"\u00dcr\u00fcn Videolar\u0131"},"content":{"rendered":"[pl_row]\n[pl_col col=12]\n[pl_text]\n\n<figure class=\"wp-block-video alignleft\"><video controls src=\"http:\/\/www.cemagrup.com.tr\/wp-content\/uploads\/2020\/03\/Cemagrup-Urun-Video-1.m4v\"><\/video><\/figure>\n\n\n\n<figure class=\"wp-block-video alignleft\"><video controls src=\"http:\/\/www.cemagrup.com.tr\/wp-content\/uploads\/2020\/03\/Cemagrup-Urun-Video-2.m4v\"><\/video><\/figure>\n\n[\/pl_text]\n[\/pl_col]\n[\/pl_row]","protected":false},"excerpt":{"rendered":"<p>[pl_row] [pl_col col=12] [pl_text] [\/pl_text] [\/pl_col] [\/pl_row]<\/p>\n","protected":false},"author":1,"featured_media":0,"parent":0,"menu_order":0,"comment_status":"closed","ping_status":"closed","template":"","meta":{"pagelayer_contact_templates":[],"_pagelayer_content":"","inline_featured_image":false,"footnotes":""},"class_list":["post-664","page","type-page","status-publish","hentry"],"_links":{"self":[{"href":"https:\/\/www.cemagrup.com.tr\/index.php?rest_route=\/wp\/v2\/pages\/664","targetHints":{"allow":["GET"]}}],"collection":[{"href":"https:\/\/www.cemagrup.com.tr\/index.php?rest_route=\/wp\/v2\/pages"}],"about":[{"href":"https:\/\/www.cemagrup.com.tr\/index.php?rest_route=\/wp\/v2\/types\/page"}],"author":[{"embeddable":true,"href":"https:\/\/www.cemagrup.com.tr\/index.php?rest_route=\/wp\/v2\/users\/1"}],"replies":[{"embeddable":true,"href":"https:\/\/www.cemagrup.com.tr\/index.php?rest_route=%2Fwp%2Fv2%2Fcomments&post=664"}],"version-history":[{"count":4,"href":"https:\/\/www.cemagrup.com.tr\/index.php?rest_route=\/wp\/v2\/pages\/664\/revisions"}],"predecessor-version":[{"id":826,"href":"https:\/\/www.cemagrup.com.tr\/index.php?rest_route=\/wp\/v2\/pages\/664\/revisions\/826"}],"wp:attachment":[{"href":"https:\/\/www.cemagrup.com.tr\/index.php?rest_route=%2Fwp%2Fv2%2Fmedia&parent=664"}],"curies":[{"name":"wp","href":"https:\/\/api.w.org\/{rel}","templated":true}]}}