{"id":741,"date":"2020-09-19T22:42:03","date_gmt":"2020-09-19T22:42:03","guid":{"rendered":"http:\/\/www.cemagrup.com.tr\/?page_id=741"},"modified":"2020-09-19T23:06:16","modified_gmt":"2020-09-19T23:06:16","slug":"dezenfektan-kabini","status":"publish","type":"page","link":"https:\/\/www.cemagrup.com.tr\/?page_id=741","title":{"rendered":"Dezenfektan Kabinleri &#8211; Standlar"},"content":{"rendered":"\n<div class=\"wp-block-image\"><figure class=\"aligncenter size-large is-resized\"><img loading=\"lazy\" decoding=\"async\" src=\"http:\/\/www.cemagrup.com.tr\/wp-content\/uploads\/2020\/09\/kabin-1024x598.png\" alt=\"\" class=\"wp-image-742\" width=\"772\" height=\"450\" srcset=\"https:\/\/www.cemagrup.com.tr\/wp-content\/uploads\/2020\/09\/kabin-1024x598.png 1024w, https:\/\/www.cemagrup.com.tr\/wp-content\/uploads\/2020\/09\/kabin-300x175.png 300w, https:\/\/www.cemagrup.com.tr\/wp-content\/uploads\/2020\/09\/kabin-768x449.png 768w, https:\/\/www.cemagrup.com.tr\/wp-content\/uploads\/2020\/09\/kabin.png 1338w\" sizes=\"auto, (max-width: 772px) 100vw, 772px\" \/><\/figure><\/div>\n\n\n\n<div class=\"wp-block-image\"><figure class=\"aligncenter size-large is-resized\"><img loading=\"lazy\" decoding=\"async\" src=\"http:\/\/www.cemagrup.com.tr\/wp-content\/uploads\/2020\/09\/urunler-453x1024.jpg\" alt=\"\" class=\"wp-image-751\" width=\"608\" height=\"1375\" srcset=\"https:\/\/www.cemagrup.com.tr\/wp-content\/uploads\/2020\/09\/urunler-453x1024.jpg 453w, https:\/\/www.cemagrup.com.tr\/wp-content\/uploads\/2020\/09\/urunler-133x300.jpg 133w, https:\/\/www.cemagrup.com.tr\/wp-content\/uploads\/2020\/09\/urunler-768x1737.jpg 768w, https:\/\/www.cemagrup.com.tr\/wp-content\/uploads\/2020\/09\/urunler-679x1536.jpg 679w, https:\/\/www.cemagrup.com.tr\/wp-content\/uploads\/2020\/09\/urunler-906x2048.jpg 906w, https:\/\/www.cemagrup.com.tr\/wp-content\/uploads\/2020\/09\/urunler-478x1080.jpg 478w, https:\/\/www.cemagrup.com.tr\/wp-content\/uploads\/2020\/09\/urunler.jpg 998w\" sizes=\"auto, (max-width: 608px) 100vw, 608px\" \/><\/figure><\/div>\n\n\n\n<p class=\"has-text-align-center\"><strong>\u00dcretim:<\/strong> <\/p>\n\n\n\n<p class=\"has-text-align-center\">Ali Pa\u015fa Mahallesi, <br>Trablusgarp Caddesi No:20\/22 <br>Silivri-\u0130stanbul\/T\u00dcRK\u0130YE<\/p>\n\n\n\n<br><br>\n\n\n\n<p class=\"has-text-align-center\"><strong>\u0130leti\u015fim i\u00e7in:<\/strong><\/p>\n\n\n\n<p class=\"has-text-align-center\"><strong>Tel :<\/strong>&nbsp;+90 312 945 04 10<br><strong>Fax:<\/strong>&nbsp;+90 850 522 34 03<br><strong>Email:<\/strong>&nbsp;info@cemagrup.com<\/p>\n","protected":false},"excerpt":{"rendered":"<p>\u00dcretim: Ali Pa\u015fa Mahallesi, Trablusgarp Caddesi No:20\/22 Silivri-\u0130stanbul\/T\u00dcRK\u0130YE \u0130leti\u015fim i\u00e7in: Tel :&nbsp;+90 312 945 04 10Fax:&nbsp;+90 850 522 34 03Email:&nbsp;info@cemagrup.com<\/p>\n","protected":false},"author":1,"featured_media":0,"parent":0,"menu_order":0,"comment_status":"closed","ping_status":"closed","template":"","meta":{"pagelayer_contact_templates":[],"_pagelayer_content":"","inline_featured_image":false,"footnotes":""},"class_list":["post-741","page","type-page","status-publish","hentry"],"_links":{"self":[{"href":"https:\/\/www.cemagrup.com.tr\/index.php?rest_route=\/wp\/v2\/pages\/741","targetHints":{"allow":["GET"]}}],"collection":[{"href":"https:\/\/www.cemagrup.com.tr\/index.php?rest_route=\/wp\/v2\/pages"}],"about":[{"href":"https:\/\/www.cemagrup.com.tr\/index.php?rest_route=\/wp\/v2\/types\/page"}],"author":[{"embeddable":true,"href":"https:\/\/www.cemagrup.com.tr\/index.php?rest_route=\/wp\/v2\/users\/1"}],"replies":[{"embeddable":true,"href":"https:\/\/www.cemagrup.com.tr\/index.php?rest_route=%2Fwp%2Fv2%2Fcomments&post=741"}],"version-history":[{"count":8,"href":"https:\/\/www.cemagrup.com.tr\/index.php?rest_route=\/wp\/v2\/pages\/741\/revisions"}],"predecessor-version":[{"id":753,"href":"https:\/\/www.cemagrup.com.tr\/index.php?rest_route=\/wp\/v2\/pages\/741\/revisions\/753"}],"wp:attachment":[{"href":"https:\/\/www.cemagrup.com.tr\/index.php?rest_route=%2Fwp%2Fv2%2Fmedia&parent=741"}],"curies":[{"name":"wp","href":"https:\/\/api.w.org\/{rel}","templated":true}]}}